{"id":35096,"date":"2022-06-22T20:36:02","date_gmt":"2022-06-22T18:36:02","guid":{"rendered":"https:\/\/sandp.ch\/cooperation\/"},"modified":"2026-04-16T15:57:41","modified_gmt":"2026-04-16T13:57:41","slug":"co-operation","status":"publish","type":"page","link":"https:\/\/www.sandp.ch\/fr\/co-operation\/","title":{"rendered":"Co-operation"},"content":{"rendered":"\t\t<div data-elementor-type=\"wp-page\" data-elementor-id=\"35096\" class=\"elementor elementor-35096 elementor-28965\" data-elementor-post-type=\"page\">\n\t\t\t\t\t\t<section data-dce-background-overlay-color=\"#112457\" data-dce-background-image-url=\"https:\/\/www.sandp.ch\/wp-content\/uploads\/2024\/07\/7.jpg\" class=\"elementor-section elementor-top-section elementor-element elementor-element-54b5fef elementor-section-height-min-height elementor-section-items-stretch elementor-hidden-tablet elementor-hidden-mobile elementor-section-boxed elementor-section-height-default\" data-id=\"54b5fef\" data-element_type=\"section\" id=\"sec1\" data-settings=\"{&quot;background_background&quot;:&quot;classic&quot;,&quot;_ha_eqh_enable&quot;:false}\">\n\t\t\t\t\t\t\t<div class=\"elementor-background-overlay\"><\/div>\n\t\t\t\t\t\t\t<div class=\"elementor-container elementor-column-gap-default\">\n\t\t\t\t\t<div class=\"elementor-column elementor-col-100 elementor-top-column elementor-element elementor-element-908df4b\" data-id=\"908df4b\" data-element_type=\"column\">\n\t\t\t<div class=\"elementor-widget-wrap elementor-element-populated\">\n\t\t\t\t\t\t<div class=\"elementor-element elementor-element-125841a elementor-widget elementor-widget-heading\" data-id=\"125841a\" data-element_type=\"widget\" data-widget_type=\"heading.default\">\n\t\t\t\t<div class=\"elementor-widget-container\">\n\t\t\t<h2 class=\"elementor-heading-title elementor-size-default\">Entreprises <span style=\"font-weight: 600;\"> coop\u00e9rantes<\/span><\/h2>\t\t<\/div>\n\t\t\t\t<\/div>\n\t\t\t\t\t<\/div>\n\t\t<\/div>\n\t\t\t\t\t<\/div>\n\t\t<\/section>\n\t\t\t\t<section data-dce-background-overlay-color=\"#112457\" data-dce-background-image-url=\"https:\/\/www.sandp.ch\/wp-content\/uploads\/2022\/06\/7.jpg\" class=\"elementor-section elementor-top-section elementor-element elementor-element-6e2af4b elementor-section-height-min-height elementor-section-items-stretch elementor-hidden-desktop elementor-section-boxed elementor-section-height-default\" data-id=\"6e2af4b\" data-element_type=\"section\" data-settings=\"{&quot;background_background&quot;:&quot;classic&quot;,&quot;_ha_eqh_enable&quot;:false}\">\n\t\t\t\t\t\t\t<div class=\"elementor-background-overlay\"><\/div>\n\t\t\t\t\t\t\t<div class=\"elementor-container elementor-column-gap-default\">\n\t\t\t\t\t<div class=\"elementor-column elementor-col-100 elementor-top-column elementor-element elementor-element-83d54dd\" data-id=\"83d54dd\" data-element_type=\"column\">\n\t\t\t<div class=\"elementor-widget-wrap elementor-element-populated\">\n\t\t\t\t\t\t<div class=\"elementor-element elementor-element-6e4f710 elementor-widget elementor-widget-heading\" data-id=\"6e4f710\" data-element_type=\"widget\" data-widget_type=\"heading.default\">\n\t\t\t\t<div class=\"elementor-widget-container\">\n\t\t\t<h2 class=\"elementor-heading-title elementor-size-default\">Entreprises <span style=\"font-weight: 600;\"> coop\u00e9rantes<\/span><\/h2>\t\t<\/div>\n\t\t\t\t<\/div>\n\t\t\t\t\t<\/div>\n\t\t<\/div>\n\t\t\t\t\t<\/div>\n\t\t<\/section>\n\t\t\t\t<section class=\"elementor-section elementor-top-section elementor-element elementor-element-ced3a29 elementor-section-boxed elementor-section-height-default elementor-section-height-default\" data-id=\"ced3a29\" data-element_type=\"section\" data-settings=\"{&quot;_ha_eqh_enable&quot;:false}\">\n\t\t\t\t\t\t<div class=\"elementor-container elementor-column-gap-default\">\n\t\t\t\t\t<div class=\"elementor-column elementor-col-50 elementor-top-column elementor-element elementor-element-da0003d\" data-id=\"da0003d\" data-element_type=\"column\">\n\t\t\t<div class=\"elementor-widget-wrap elementor-element-populated\">\n\t\t\t\t\t\t<div class=\"elementor-element elementor-element-e804b3f elementor-widget elementor-widget-heading\" data-id=\"e804b3f\" data-element_type=\"widget\" data-widget_type=\"heading.default\">\n\t\t\t\t<div class=\"elementor-widget-container\">\n\t\t\t<h2 class=\"elementor-heading-title elementor-size-default\">Schmid & Partenaires Management Services SA<\/h2>\t\t<\/div>\n\t\t\t\t<\/div>\n\t\t\t\t<div class=\"elementor-element elementor-element-710c5c8 elementor-widget elementor-widget-heading\" data-id=\"710c5c8\" data-element_type=\"widget\" data-widget_type=\"heading.default\">\n\t\t\t\t<div class=\"elementor-widget-container\">\n\t\t\t<h2 class=\"elementor-heading-title elementor-size-default\">Coop\u00e9rations<span style=\"font-weight: 600;\"> fructueuses<span style=\"font-weight: 600;\"> <\/span><\/h2>\t\t<\/div>\n\t\t\t\t<\/div>\n\t\t\t\t<div class=\"elementor-element elementor-element-e98afce elementor-widget elementor-widget-text-editor\" data-id=\"e98afce\" data-element_type=\"widget\" data-widget_type=\"text-editor.default\">\n\t\t\t\t<div class=\"elementor-widget-container\">\n\t\t\t\t\t\t\tNous sommes fiers de nos relations mutuellement b\u00e9n\u00e9fiques. Gr\u00e2ce \u00e0 nos efforts continus, nous produisons ensemble un impact. \t\t\t\t\t\t<\/div>\n\t\t\t\t<\/div>\n\t\t\t\t<div class=\"elementor-element elementor-element-a792185 dce_masking-none elementor-widget elementor-widget-image\" data-id=\"a792185\" data-element_type=\"widget\" data-widget_type=\"image.default\">\n\t\t\t\t<div class=\"elementor-widget-container\">\n\t\t\t\t\t\t\t\t\t\t\t\t\t\t<a href=\"https:\/\/www.eiko.ch\/index.php?page=index&#038;userlanguage=en&#038;country=&#038;id_properties=&#038;initials=\" target=\"_blank\">\n\t\t\t\t\t\t\t<img decoding=\"async\" width=\"350\" height=\"140\" src=\"https:\/\/www.sandp.ch\/wp-content\/uploads\/2022\/06\/3-1.png\" class=\"attachment-large size-large wp-image-30229\" alt=\"\" srcset=\"https:\/\/www.sandp.ch\/wp-content\/uploads\/2022\/06\/3-1.png 350w, https:\/\/www.sandp.ch\/wp-content\/uploads\/2022\/06\/3-1-300x120.png 300w\" sizes=\"(max-width: 350px) 100vw, 350px\" \/>\t\t\t\t\t\t\t\t<\/a>\n\t\t\t\t\t\t\t\t\t\t\t\t\t<\/div>\n\t\t\t\t<\/div>\n\t\t\t\t<div class=\"elementor-element elementor-element-49ad638 dce_masking-none elementor-widget elementor-widget-image\" data-id=\"49ad638\" data-element_type=\"widget\" data-widget_type=\"image.default\">\n\t\t\t\t<div class=\"elementor-widget-container\">\n\t\t\t\t\t\t\t\t\t\t\t\t\t\t<a href=\"https:\/\/www.kendris.com\/en\/\" target=\"_blank\">\n\t\t\t\t\t\t\t<img fetchpriority=\"high\" decoding=\"async\" width=\"800\" height=\"320\" src=\"https:\/\/www.sandp.ch\/wp-content\/uploads\/2026\/04\/ed8105de-1c4c-4d04-9042-ada7381699e6-1024x409.png\" class=\"attachment-large size-large wp-image-38436\" alt=\"\" srcset=\"https:\/\/www.sandp.ch\/wp-content\/uploads\/2026\/04\/ed8105de-1c4c-4d04-9042-ada7381699e6-1024x409.png 1024w, https:\/\/www.sandp.ch\/wp-content\/uploads\/2026\/04\/ed8105de-1c4c-4d04-9042-ada7381699e6-300x120.png 300w, https:\/\/www.sandp.ch\/wp-content\/uploads\/2026\/04\/ed8105de-1c4c-4d04-9042-ada7381699e6-768x307.png 768w, https:\/\/www.sandp.ch\/wp-content\/uploads\/2026\/04\/ed8105de-1c4c-4d04-9042-ada7381699e6-1536x614.png 1536w, https:\/\/www.sandp.ch\/wp-content\/uploads\/2026\/04\/ed8105de-1c4c-4d04-9042-ada7381699e6.png 1983w\" sizes=\"(max-width: 800px) 100vw, 800px\" \/>\t\t\t\t\t\t\t\t<\/a>\n\t\t\t\t\t\t\t\t\t\t\t\t\t<\/div>\n\t\t\t\t<\/div>\n\t\t\t\t<div class=\"elementor-element elementor-element-6f955aa dce_masking-none elementor-widget elementor-widget-image\" data-id=\"6f955aa\" data-element_type=\"widget\" data-widget_type=\"image.default\">\n\t\t\t\t<div class=\"elementor-widget-container\">\n\t\t\t\t\t\t\t\t\t\t\t\t\t\t<a href=\"https:\/\/www.lexpertpartners.ch\/\" target=\"_blank\">\n\t\t\t\t\t\t\t<img decoding=\"async\" width=\"350\" height=\"140\" src=\"https:\/\/www.sandp.ch\/wp-content\/uploads\/2022\/06\/1.png\" class=\"attachment-large size-large wp-image-30175\" alt=\"\" srcset=\"https:\/\/www.sandp.ch\/wp-content\/uploads\/2022\/06\/1.png 350w, https:\/\/www.sandp.ch\/wp-content\/uploads\/2022\/06\/1-300x120.png 300w\" sizes=\"(max-width: 350px) 100vw, 350px\" \/>\t\t\t\t\t\t\t\t<\/a>\n\t\t\t\t\t\t\t\t\t\t\t\t\t<\/div>\n\t\t\t\t<\/div>\n\t\t\t\t<div class=\"elementor-element elementor-element-4ef69bf dce_masking-none elementor-widget elementor-widget-image\" data-id=\"4ef69bf\" data-element_type=\"widget\" data-widget_type=\"image.default\">\n\t\t\t\t<div class=\"elementor-widget-container\">\n\t\t\t\t\t\t\t\t\t\t\t\t\t\t<a href=\"https:\/\/tourbillonstrategic.com\/\" target=\"_blank\">\n\t\t\t\t\t\t\t<img loading=\"lazy\" decoding=\"async\" width=\"350\" height=\"140\" src=\"https:\/\/www.sandp.ch\/wp-content\/uploads\/2022\/06\/2.png\" class=\"attachment-large size-large wp-image-30174\" alt=\"\" srcset=\"https:\/\/www.sandp.ch\/wp-content\/uploads\/2022\/06\/2.png 350w, https:\/\/www.sandp.ch\/wp-content\/uploads\/2022\/06\/2-300x120.png 300w\" sizes=\"(max-width: 350px) 100vw, 350px\" \/>\t\t\t\t\t\t\t\t<\/a>\n\t\t\t\t\t\t\t\t\t\t\t\t\t<\/div>\n\t\t\t\t<\/div>\n\t\t\t\t\t<\/div>\n\t\t<\/div>\n\t\t\t\t<div class=\"elementor-column elementor-col-50 elementor-top-column elementor-element elementor-element-5928ed4\" data-id=\"5928ed4\" data-element_type=\"column\" data-settings=\"{&quot;background_background&quot;:&quot;classic&quot;}\">\n\t\t\t<div class=\"elementor-widget-wrap elementor-element-populated\">\n\t\t\t\t\t\t<section class=\"elementor-section elementor-inner-section elementor-element elementor-element-088dedd elementor-section-full_width elementor-section-height-min-height elementor-section-height-default\" data-id=\"088dedd\" data-element_type=\"section\" data-settings=\"{&quot;background_background&quot;:&quot;classic&quot;,&quot;_ha_eqh_enable&quot;:false}\">\n\t\t\t\t\t\t<div class=\"elementor-container elementor-column-gap-default\">\n\t\t\t\t\t<div data-dce-background-image-url=\"https:\/\/www.sandp.ch\/wp-content\/uploads\/2024\/07\/8.jpg\" class=\"elementor-column elementor-col-100 elementor-inner-column elementor-element elementor-element-4015d02\" data-id=\"4015d02\" data-element_type=\"column\" data-settings=\"{&quot;background_background&quot;:&quot;classic&quot;,&quot;background_motion_fx_motion_fx_scrolling&quot;:&quot;yes&quot;,&quot;motion_fx_motion_fx_scrolling&quot;:&quot;yes&quot;,&quot;motion_fx_translateY_effect&quot;:&quot;yes&quot;,&quot;motion_fx_translateY_speed&quot;:{&quot;unit&quot;:&quot;px&quot;,&quot;size&quot;:0.5,&quot;sizes&quot;:[]},&quot;background_motion_fx_devices&quot;:[&quot;desktop&quot;,&quot;tablet&quot;,&quot;mobile&quot;],&quot;motion_fx_translateY_affectedRange&quot;:{&quot;unit&quot;:&quot;%&quot;,&quot;size&quot;:&quot;&quot;,&quot;sizes&quot;:{&quot;start&quot;:0,&quot;end&quot;:100}},&quot;motion_fx_devices&quot;:[&quot;desktop&quot;,&quot;tablet&quot;,&quot;mobile&quot;]}\">\n\t\t\t<div class=\"elementor-widget-wrap elementor-element-populated\">\n\t\t\t\t\t\t<div class=\"elementor-element elementor-element-13bcb4b elementor-widget elementor-widget-spacer\" data-id=\"13bcb4b\" data-element_type=\"widget\" data-widget_type=\"spacer.default\">\n\t\t\t\t<div class=\"elementor-widget-container\">\n\t\t\t\t\t<div class=\"elementor-spacer\">\n\t\t\t<div class=\"elementor-spacer-inner\"><\/div>\n\t\t<\/div>\n\t\t\t\t<\/div>\n\t\t\t\t<\/div>\n\t\t\t\t\t<\/div>\n\t\t<\/div>\n\t\t\t\t\t<\/div>\n\t\t<\/section>\n\t\t\t\t<section class=\"elementor-section elementor-inner-section elementor-element elementor-element-ac14dff elementor-section-full_width elementor-section-height-min-height elementor-section-height-default\" data-id=\"ac14dff\" data-element_type=\"section\" data-settings=\"{&quot;background_background&quot;:&quot;classic&quot;,&quot;_ha_eqh_enable&quot;:false}\">\n\t\t\t\t\t\t<div class=\"elementor-container elementor-column-gap-default\">\n\t\t\t\t\t<div data-dce-background-image-url=\"https:\/\/www.sandp.ch\/wp-content\/uploads\/2022\/06\/3-2.png\" class=\"elementor-column elementor-col-100 elementor-inner-column elementor-element elementor-element-0f8e7d6\" data-id=\"0f8e7d6\" data-element_type=\"column\" data-settings=\"{&quot;background_background&quot;:&quot;classic&quot;}\">\n\t\t\t<div class=\"elementor-widget-wrap elementor-element-populated\">\n\t\t\t\t\t\t<div class=\"elementor-element elementor-element-5ec533f elementor-widget elementor-widget-spacer\" data-id=\"5ec533f\" data-element_type=\"widget\" data-widget_type=\"spacer.default\">\n\t\t\t\t<div class=\"elementor-widget-container\">\n\t\t\t\t\t<div class=\"elementor-spacer\">\n\t\t\t<div class=\"elementor-spacer-inner\"><\/div>\n\t\t<\/div>\n\t\t\t\t<\/div>\n\t\t\t\t<\/div>\n\t\t\t\t\t<\/div>\n\t\t<\/div>\n\t\t\t\t\t<\/div>\n\t\t<\/section>\n\t\t\t\t\t<\/div>\n\t\t<\/div>\n\t\t\t\t\t<\/div>\n\t\t<\/section>\n\t\t\t\t<section data-dce-background-color=\"#112457\" data-dce-background-image-url=\"https:\/\/www.sandp.ch\/wp-content\/uploads\/2022\/06\/2.1.jpg\" data-dce-background-overlay-image-url=\"https:\/\/www.sandp.ch\/wp-content\/uploads\/2022\/06\/3-1-1.png\" class=\"elementor-section elementor-top-section elementor-element elementor-element-ab4ee2a elementor-section-boxed elementor-section-height-default elementor-section-height-default\" data-id=\"ab4ee2a\" data-element_type=\"section\" data-settings=\"{&quot;background_background&quot;:&quot;classic&quot;,&quot;_ha_eqh_enable&quot;:false}\">\n\t\t\t\t\t\t\t<div class=\"elementor-background-overlay\"><\/div>\n\t\t\t\t\t\t\t<div class=\"elementor-container elementor-column-gap-default\">\n\t\t\t\t\t<div class=\"elementor-column elementor-col-100 elementor-top-column elementor-element elementor-element-3f2cc1b\" data-id=\"3f2cc1b\" data-element_type=\"column\">\n\t\t\t<div class=\"elementor-widget-wrap elementor-element-populated\">\n\t\t\t\t\t\t<div class=\"elementor-element elementor-element-e6e200e elementor-widget elementor-widget-heading\" data-id=\"e6e200e\" data-element_type=\"widget\" data-widget_type=\"heading.default\">\n\t\t\t\t<div class=\"elementor-widget-container\">\n\t\t\t<h2 class=\"elementor-heading-title elementor-size-default\">Contactez-<span style=\"font-weight: 600;\">nous<\/span><\/h2>\t\t<\/div>\n\t\t\t\t<\/div>\n\t\t\t\t<div class=\"elementor-element elementor-element-68b4356 elementor-widget elementor-widget-text-editor\" data-id=\"68b4356\" data-element_type=\"widget\" data-widget_type=\"text-editor.default\">\n\t\t\t\t<div class=\"elementor-widget-container\">\n\t\t\t\t\t\t\tPour plus d&#8217;informations, n&#8217;h\u00e9sitez pas \u00e0 nous contacter. \t\t\t\t\t\t<\/div>\n\t\t\t\t<\/div>\n\t\t\t\t<div data-dce-background-color=\"#11245700\" class=\"elementor-element elementor-element-2b621a9 elementor-widget elementor-widget-button\" data-id=\"2b621a9\" data-element_type=\"widget\" data-widget_type=\"button.default\">\n\t\t\t\t<div class=\"elementor-widget-container\">\n\t\t\t\t\t<div class=\"elementor-button-wrapper\">\n\t\t\t<a class=\"elementor-button elementor-button-link elementor-size-sm\" href=\"https:\/\/www.sandp.ch\/fr\/contact\/\">\n\t\t\t\t\t\t<span class=\"elementor-button-content-wrapper\">\n\t\t\t\t\t\t\t\t\t<span class=\"elementor-button-text\"><div class=\"word1\">PRENDRE<\/div><b><div class=\"word2\"> CONTACT<\/div><\/span>\n\t\t\t\t\t<\/span>\n\t\t\t\t\t<\/a>\n\t\t<\/div>\n\t\t\t\t<\/div>\n\t\t\t\t<\/div>\n\t\t\t\t\t<\/div>\n\t\t<\/div>\n\t\t\t\t\t<\/div>\n\t\t<\/section>\n\t\t\t\t<\/div>\n\t\t","protected":false},"excerpt":{"rendered":"<p>Entreprises coop\u00e9rantes Entreprises coop\u00e9rantes Schmid &#038; Partenaires Management Services SA Coop\u00e9rations fructueuses Nous sommes fiers de nos relations mutuellement b\u00e9n\u00e9fiques. Gr\u00e2ce \u00e0 nos efforts continus, nous produisons ensemble un impact. Contactez-nous Pour plus d&#8217;informations, n&#8217;h\u00e9sitez pas \u00e0 nous contacter. PRENDRE CONTACT<\/p>\n","protected":false},"author":2,"featured_media":34965,"parent":0,"menu_order":11,"comment_status":"closed","ping_status":"closed","template":"elementor_header_footer","meta":{"footnotes":""},"class_list":["post-35096","page","type-page","status-publish","has-post-thumbnail","hentry"],"yoast_head":"<!-- This site is optimized with the Yoast SEO plugin v23.1 - https:\/\/yoast.com\/wordpress\/plugins\/seo\/ -->\n<title>Co-operation - Schmid &amp; Partners Management Services Ltd.<\/title>\n<meta name=\"description\" content=\"Nous sommes tr\u00e8s attach\u00e9s \u00e0 notre coop\u00e9ration fructueuse avec d&#039;autres entreprises. Gr\u00e2ce \u00e0 notre collaboration, nous obtenons un succ\u00e8s commun.\" \/>\n<meta name=\"robots\" content=\"index, follow, max-snippet:-1, max-image-preview:large, max-video-preview:-1\" \/>\n<link rel=\"canonical\" href=\"https:\/\/www.sandp.ch\/co-operation\/\" \/>\n<meta property=\"og:locale\" content=\"fr_FR\" \/>\n<meta property=\"og:type\" content=\"article\" \/>\n<meta property=\"og:title\" content=\"Co-operation - Schmid &amp; Partners Management Services Ltd.\" \/>\n<meta property=\"og:description\" content=\"Nous sommes tr\u00e8s attach\u00e9s \u00e0 notre coop\u00e9ration fructueuse avec d&#039;autres entreprises. Gr\u00e2ce \u00e0 notre collaboration, nous obtenons un succ\u00e8s commun.\" \/>\n<meta property=\"og:url\" content=\"https:\/\/www.sandp.ch\/co-operation\/\" \/>\n<meta property=\"og:site_name\" content=\"Schmid &amp; Partners Management Services Ltd.\" \/>\n<meta property=\"article:modified_time\" content=\"2026-04-16T13:57:41+00:00\" \/>\n<meta property=\"og:image\" content=\"https:\/\/www.sandp.ch\/wp-content\/uploads\/2022\/07\/Logo-1024x1024-1.jpg\" \/>\n\t<meta property=\"og:image:width\" content=\"1024\" \/>\n\t<meta property=\"og:image:height\" content=\"1024\" \/>\n\t<meta property=\"og:image:type\" content=\"image\/jpeg\" \/>\n<meta name=\"twitter:card\" content=\"summary_large_image\" \/>\n<script type=\"application\/ld+json\" class=\"yoast-schema-graph\">{\"@context\":\"https:\/\/schema.org\",\"@graph\":[{\"@type\":\"WebPage\",\"@id\":\"https:\/\/www.sandp.ch\/co-operation\/\",\"url\":\"https:\/\/www.sandp.ch\/co-operation\/\",\"name\":\"Co-operation - Schmid &amp; Partners Management Services Ltd.\",\"isPartOf\":{\"@id\":\"https:\/\/www.sandp.ch\/#website\"},\"primaryImageOfPage\":{\"@id\":\"https:\/\/www.sandp.ch\/co-operation\/#primaryimage\"},\"image\":{\"@id\":\"https:\/\/www.sandp.ch\/co-operation\/#primaryimage\"},\"thumbnailUrl\":\"https:\/\/www.sandp.ch\/wp-content\/uploads\/2022\/07\/Logo-1024x1024-1.jpg\",\"datePublished\":\"2022-06-22T18:36:02+00:00\",\"dateModified\":\"2026-04-16T13:57:41+00:00\",\"description\":\"Nous sommes tr\u00e8s attach\u00e9s \u00e0 notre coop\u00e9ration fructueuse avec d'autres entreprises. Gr\u00e2ce \u00e0 notre collaboration, nous obtenons un succ\u00e8s commun.\",\"breadcrumb\":{\"@id\":\"https:\/\/www.sandp.ch\/co-operation\/#breadcrumb\"},\"inLanguage\":\"fr-FR\",\"potentialAction\":[{\"@type\":\"ReadAction\",\"target\":[\"https:\/\/www.sandp.ch\/co-operation\/\"]}]},{\"@type\":\"ImageObject\",\"inLanguage\":\"fr-FR\",\"@id\":\"https:\/\/www.sandp.ch\/co-operation\/#primaryimage\",\"url\":\"https:\/\/www.sandp.ch\/wp-content\/uploads\/2022\/07\/Logo-1024x1024-1.jpg\",\"contentUrl\":\"https:\/\/www.sandp.ch\/wp-content\/uploads\/2022\/07\/Logo-1024x1024-1.jpg\",\"width\":1024,\"height\":1024},{\"@type\":\"BreadcrumbList\",\"@id\":\"https:\/\/www.sandp.ch\/co-operation\/#breadcrumb\",\"itemListElement\":[{\"@type\":\"ListItem\",\"position\":1,\"name\":\"Home\",\"item\":\"https:\/\/www.sandp.ch\/fr\/\"},{\"@type\":\"ListItem\",\"position\":2,\"name\":\"Co-operation\"}]},{\"@type\":\"WebSite\",\"@id\":\"https:\/\/www.sandp.ch\/#website\",\"url\":\"https:\/\/www.sandp.ch\/\",\"name\":\"Schmid &amp; Partners Management Services Ltd.\",\"description\":\"\",\"publisher\":{\"@id\":\"https:\/\/www.sandp.ch\/#organization\"},\"inLanguage\":\"fr-FR\"},{\"@type\":\"Organization\",\"@id\":\"https:\/\/www.sandp.ch\/#organization\",\"name\":\"Schmid & Partner\",\"url\":\"https:\/\/www.sandp.ch\/\",\"logo\":{\"@type\":\"ImageObject\",\"inLanguage\":\"fr-FR\",\"@id\":\"https:\/\/www.sandp.ch\/#\/schema\/logo\/image\/\",\"url\":\"https:\/\/sandp.ch\/wp-content\/uploads\/2022\/06\/cropped-Siteicon-1.png\",\"contentUrl\":\"https:\/\/sandp.ch\/wp-content\/uploads\/2022\/06\/cropped-Siteicon-1.png\",\"width\":512,\"height\":512,\"caption\":\"Schmid & Partner\"},\"image\":{\"@id\":\"https:\/\/www.sandp.ch\/#\/schema\/logo\/image\/\"}}]}<\/script>\n<!-- \/ Yoast SEO plugin. -->","yoast_head_json":{"title":"Co-operation - Schmid &amp; Partners Management Services Ltd.","description":"Nous sommes tr\u00e8s attach\u00e9s \u00e0 notre coop\u00e9ration fructueuse avec d'autres entreprises. Gr\u00e2ce \u00e0 notre collaboration, nous obtenons un succ\u00e8s commun.","robots":{"index":"index","follow":"follow","max-snippet":"max-snippet:-1","max-image-preview":"max-image-preview:large","max-video-preview":"max-video-preview:-1"},"canonical":"https:\/\/www.sandp.ch\/co-operation\/","og_locale":"fr_FR","og_type":"article","og_title":"Co-operation - Schmid &amp; Partners Management Services Ltd.","og_description":"Nous sommes tr\u00e8s attach\u00e9s \u00e0 notre coop\u00e9ration fructueuse avec d'autres entreprises. Gr\u00e2ce \u00e0 notre collaboration, nous obtenons un succ\u00e8s commun.","og_url":"https:\/\/www.sandp.ch\/co-operation\/","og_site_name":"Schmid &amp; Partners Management Services Ltd.","article_modified_time":"2026-04-16T13:57:41+00:00","og_image":[{"width":1024,"height":1024,"url":"https:\/\/www.sandp.ch\/wp-content\/uploads\/2022\/07\/Logo-1024x1024-1.jpg","type":"image\/jpeg"}],"twitter_card":"summary_large_image","schema":{"@context":"https:\/\/schema.org","@graph":[{"@type":"WebPage","@id":"https:\/\/www.sandp.ch\/co-operation\/","url":"https:\/\/www.sandp.ch\/co-operation\/","name":"Co-operation - Schmid &amp; Partners Management Services Ltd.","isPartOf":{"@id":"https:\/\/www.sandp.ch\/#website"},"primaryImageOfPage":{"@id":"https:\/\/www.sandp.ch\/co-operation\/#primaryimage"},"image":{"@id":"https:\/\/www.sandp.ch\/co-operation\/#primaryimage"},"thumbnailUrl":"https:\/\/www.sandp.ch\/wp-content\/uploads\/2022\/07\/Logo-1024x1024-1.jpg","datePublished":"2022-06-22T18:36:02+00:00","dateModified":"2026-04-16T13:57:41+00:00","description":"Nous sommes tr\u00e8s attach\u00e9s \u00e0 notre coop\u00e9ration fructueuse avec d'autres entreprises. Gr\u00e2ce \u00e0 notre collaboration, nous obtenons un succ\u00e8s commun.","breadcrumb":{"@id":"https:\/\/www.sandp.ch\/co-operation\/#breadcrumb"},"inLanguage":"fr-FR","potentialAction":[{"@type":"ReadAction","target":["https:\/\/www.sandp.ch\/co-operation\/"]}]},{"@type":"ImageObject","inLanguage":"fr-FR","@id":"https:\/\/www.sandp.ch\/co-operation\/#primaryimage","url":"https:\/\/www.sandp.ch\/wp-content\/uploads\/2022\/07\/Logo-1024x1024-1.jpg","contentUrl":"https:\/\/www.sandp.ch\/wp-content\/uploads\/2022\/07\/Logo-1024x1024-1.jpg","width":1024,"height":1024},{"@type":"BreadcrumbList","@id":"https:\/\/www.sandp.ch\/co-operation\/#breadcrumb","itemListElement":[{"@type":"ListItem","position":1,"name":"Home","item":"https:\/\/www.sandp.ch\/fr\/"},{"@type":"ListItem","position":2,"name":"Co-operation"}]},{"@type":"WebSite","@id":"https:\/\/www.sandp.ch\/#website","url":"https:\/\/www.sandp.ch\/","name":"Schmid &amp; Partners Management Services Ltd.","description":"","publisher":{"@id":"https:\/\/www.sandp.ch\/#organization"},"inLanguage":"fr-FR"},{"@type":"Organization","@id":"https:\/\/www.sandp.ch\/#organization","name":"Schmid & Partner","url":"https:\/\/www.sandp.ch\/","logo":{"@type":"ImageObject","inLanguage":"fr-FR","@id":"https:\/\/www.sandp.ch\/#\/schema\/logo\/image\/","url":"https:\/\/sandp.ch\/wp-content\/uploads\/2022\/06\/cropped-Siteicon-1.png","contentUrl":"https:\/\/sandp.ch\/wp-content\/uploads\/2022\/06\/cropped-Siteicon-1.png","width":512,"height":512,"caption":"Schmid & Partner"},"image":{"@id":"https:\/\/www.sandp.ch\/#\/schema\/logo\/image\/"}}]}},"_links":{"self":[{"href":"https:\/\/www.sandp.ch\/fr\/wp-json\/wp\/v2\/pages\/35096"}],"collection":[{"href":"https:\/\/www.sandp.ch\/fr\/wp-json\/wp\/v2\/pages"}],"about":[{"href":"https:\/\/www.sandp.ch\/fr\/wp-json\/wp\/v2\/types\/page"}],"author":[{"embeddable":true,"href":"https:\/\/www.sandp.ch\/fr\/wp-json\/wp\/v2\/users\/2"}],"replies":[{"embeddable":true,"href":"https:\/\/www.sandp.ch\/fr\/wp-json\/wp\/v2\/comments?post=35096"}],"version-history":[{"count":26,"href":"https:\/\/www.sandp.ch\/fr\/wp-json\/wp\/v2\/pages\/35096\/revisions"}],"predecessor-version":[{"id":38443,"href":"https:\/\/www.sandp.ch\/fr\/wp-json\/wp\/v2\/pages\/35096\/revisions\/38443"}],"wp:featuredmedia":[{"embeddable":true,"href":"https:\/\/www.sandp.ch\/fr\/wp-json\/wp\/v2\/media\/34965"}],"wp:attachment":[{"href":"https:\/\/www.sandp.ch\/fr\/wp-json\/wp\/v2\/media?parent=35096"}],"curies":[{"name":"wp","href":"https:\/\/api.w.org\/{rel}","templated":true}]}}