{"id":35088,"date":"2020-10-14T14:47:37","date_gmt":"2020-10-14T12:47:37","guid":{"rendered":"https:\/\/sandp.ch\/politique-de-confidentialite\/"},"modified":"2024-07-17T15:43:05","modified_gmt":"2024-07-17T13:43:05","slug":"privacy-policy","status":"publish","type":"page","link":"https:\/\/www.sandp.ch\/fr\/privacy-policy\/","title":{"rendered":"Privacy Policy"},"content":{"rendered":"\t\t<div data-elementor-type=\"wp-page\" data-elementor-id=\"35088\" class=\"elementor elementor-35088 elementor-28873\" data-elementor-post-type=\"page\">\n\t\t\t\t\t\t<section class=\"elementor-section elementor-top-section elementor-element elementor-element-61443cc elementor-section-boxed elementor-section-height-default elementor-section-height-default\" data-id=\"61443cc\" data-element_type=\"section\" id=\"sec1\" data-settings=\"{&quot;background_background&quot;:&quot;classic&quot;,&quot;_ha_eqh_enable&quot;:false}\">\n\t\t\t\t\t\t<div class=\"elementor-container elementor-column-gap-default\">\n\t\t\t\t\t<div class=\"elementor-column elementor-col-100 elementor-top-column elementor-element elementor-element-cb38ee0\" data-id=\"cb38ee0\" data-element_type=\"column\">\n\t\t\t<div class=\"elementor-widget-wrap elementor-element-populated\">\n\t\t\t\t\t\t<div class=\"elementor-element elementor-element-5978e5e elementor-widget elementor-widget-heading\" data-id=\"5978e5e\" data-element_type=\"widget\" data-widget_type=\"heading.default\">\n\t\t\t\t<div class=\"elementor-widget-container\">\n\t\t\t<h1 class=\"elementor-heading-title elementor-size-default\">Protection des donn\u00e9es<\/h1>\t\t<\/div>\n\t\t\t\t<\/div>\n\t\t\t\t<div class=\"elementor-element elementor-element-07fba52 elementor-widget elementor-widget-heading\" data-id=\"07fba52\" data-element_type=\"widget\" data-widget_type=\"heading.default\">\n\t\t\t\t<div class=\"elementor-widget-container\">\n\t\t\t<h3 class=\"elementor-heading-title elementor-size-default\">Informations g\u00e9n\u00e9rales<\/h3>\t\t<\/div>\n\t\t\t\t<\/div>\n\t\t\t\t<div class=\"elementor-element elementor-element-83d23db elementor-widget elementor-widget-text-editor\" data-id=\"83d23db\" data-element_type=\"widget\" data-widget_type=\"text-editor.default\">\n\t\t\t\t<div class=\"elementor-widget-container\">\n\t\t\t\t\t\t\t<p>La protection de vos donn\u00e9es est tr\u00e8s importante \u00e0 nos yeux. Par cons\u00e9quent, nous traitons vos donn\u00e9es confidentielles que vous nous envoyez volontairement via notre formulaire de contact. Vos donn\u00e9es ne seront utilis\u00e9es qu&#8217;aux fins de votre demande et ne seront pas transmises \u00e0 des tiers. Si vous nous demandez des informations, bloquez ou supprimez vos donn\u00e9es, nous nous y conformerons, si la loi le permet.\u00a0<\/p>\t\t\t\t\t\t<\/div>\n\t\t\t\t<\/div>\n\t\t\t\t<div class=\"elementor-element elementor-element-ccbba03 elementor-widget elementor-widget-heading\" data-id=\"ccbba03\" data-element_type=\"widget\" data-widget_type=\"heading.default\">\n\t\t\t\t<div class=\"elementor-widget-container\">\n\t\t\t<h3 class=\"elementor-heading-title elementor-size-default\">Cookies<\/h3>\t\t<\/div>\n\t\t\t\t<\/div>\n\t\t\t\t<div class=\"elementor-element elementor-element-cb85ba0 elementor-widget elementor-widget-text-editor\" data-id=\"cb85ba0\" data-element_type=\"widget\" data-widget_type=\"text-editor.default\">\n\t\t\t\t<div class=\"elementor-widget-container\">\n\t\t\t\t\t\t\t<p>Notre site utilise des cookies. Les cookies sont de petits fichiers qui sont stock\u00e9s sur votre support de donn\u00e9es et rendent votre visite sur notre site Web plus efficace. Les cookies ne sont pas nocifs pour votre support de donn\u00e9es.<\/p><p>La plupart des cookies, appel\u00e9s cookies de session, sont automatiquement supprim\u00e9s \u00e0 la fin de votre visite sur notre site. Le fait est que vous n&#8217;avez pas \u00e0 r\u00e9p\u00e9ter les m\u00eames entr\u00e9es. Les autres cookies ne sont pas supprim\u00e9s automatiquement, mais vous pouvez les supprimer vous-m\u00eame. Leur objectif est que nous vous reconnaissions \u00e0 nouveau la prochaine fois que vous visiterez notre site Web. Bien s\u00fbr, vous pouvez \u00e9galement d\u00e9sactiver les cookies en g\u00e9n\u00e9ral.\u00a0<\/p>\t\t\t\t\t\t<\/div>\n\t\t\t\t<\/div>\n\t\t\t\t<div class=\"elementor-element elementor-element-587ae9e elementor-widget elementor-widget-heading\" data-id=\"587ae9e\" data-element_type=\"widget\" data-widget_type=\"heading.default\">\n\t\t\t\t<div class=\"elementor-widget-container\">\n\t\t\t<h3 class=\"elementor-heading-title elementor-size-default\">Google Analytics<\/h3>\t\t<\/div>\n\t\t\t\t<\/div>\n\t\t\t\t<div class=\"elementor-element elementor-element-7f8e80c elementor-widget elementor-widget-text-editor\" data-id=\"7f8e80c\" data-element_type=\"widget\" data-widget_type=\"text-editor.default\">\n\t\t\t\t<div class=\"elementor-widget-container\">\n\t\t\t\t\t\t\t<p>Notre site Web utilise \u00abGoogle Analytics\u00bb, un service propos\u00e9 par Google Inc. pour analyser l&#8217;utilisation du site Web. Les cookies sont utilis\u00e9s pour envoyer des informations de votre appareil \u00e0 un serveur Google aux \u00c9tats-Unis, les \u00e9valuer et les enregistrer. Il est possible que Google transf\u00e8re ces informations \u00e0 des tiers.<\/p><p>Si vous souhaitez plus d&#8217;informations sur la collecte de donn\u00e9es par Google Analytics, n&#8217;h\u00e9sitez pas \u00e0 suivre ce lien:<\/p><p><span style=\"color: #ffffff;\"><strong><a style=\"color: #ffffff;\" href=\"https:\/\/support.google.com\/analytics\/answer\/6004245?hl=de\" target=\"_blank\" rel=\"noopener\">Cliquez ici<\/a><\/strong><\/span><\/p><p>En installant le plugin suivant, vous pouvez emp\u00eacher la collecte et le stockage de vos donn\u00e9es par les cookies et l&#8217;envoi de ces donn\u00e9es \u00e0 Google:<br \/><span style=\"color: #ffffff;\"><strong><a style=\"color: #ffffff;\" href=\"https:\/\/tools.google.com\/dlpage\/gaoptout?hl=de.\" target=\"_blank\" rel=\"noopener\">Cliquez ici<\/a><\/strong><\/span><\/p>\t\t\t\t\t\t<\/div>\n\t\t\t\t<\/div>\n\t\t\t\t<div class=\"elementor-element elementor-element-a03ae70 elementor-widget elementor-widget-heading\" data-id=\"a03ae70\" data-element_type=\"widget\" data-widget_type=\"heading.default\">\n\t\t\t\t<div class=\"elementor-widget-container\">\n\t\t\t<h3 class=\"elementor-heading-title elementor-size-default\">Facebook pixel<\/h3>\t\t<\/div>\n\t\t\t\t<\/div>\n\t\t\t\t<div class=\"elementor-element elementor-element-52bba0f elementor-widget elementor-widget-text-editor\" data-id=\"52bba0f\" data-element_type=\"widget\" data-widget_type=\"text-editor.default\">\n\t\t\t\t<div class=\"elementor-widget-container\">\n\t\t\t\t\t\t\t<p>Ce site Web utilise \u00abFacebook Pixel\u00bb, un code \u00e9mis par la plate-forme de m\u00e9dias sociaux \u00abFacebook\u00bb (soci\u00e9t\u00e9 Facebook Ireland Ltd., 4 Grand Canal Square, Grand Canal Harbour, Dublin 2 Irlande) afin de rendre les campagnes publicitaires plus efficaces.<\/p><p>Le code mis en \u0153uvre sur ce site Web utilise des cookies pour \u00e9valuer le comportement des visiteurs de notre site Web qui ont atterri ici via Facebook ou la publicit\u00e9. Les donn\u00e9es collect\u00e9es sont enregistr\u00e9es par Facebook, mais nous ne pouvons pas les voir et ne pouvons \u00eatre utilis\u00e9es que dans le cadre de la campagne publicitaire sur Facebook lui-m\u00eame.<\/p><p>D\u00e9couvrez comment Facebook Pixel est utilis\u00e9 pour les campagnes publicitaires:<\/p><p><span style=\"color: #ffffff;\"><strong><a style=\"color: #ffffff;\" href=\"https:\/\/www.facebook.com\/business\/learn\/facebook-ads-pixel\" target=\"_blank\" rel=\"noopener\">Cliquez ici<\/a><\/strong><\/span><\/p><p>Modifiez vos param\u00e8tres pour les publicit\u00e9s sur Facebook (si vous avez un compte sur Facebook et \u00eates connect\u00e9):<br \/><br \/><span style=\"color: #ffffff;\"><strong><a style=\"color: #ffffff;\" href=\"https:\/\/www.facebook.com\/login.php?next=https%3A%2F%2Fwww.facebook.com%2Fads%2Fpreferences%2F%3Fentry_product%3Dad_settings_screen\" target=\"_blank\" rel=\"noopener\">Cliquez ici<\/a><\/strong><\/span><\/p><p>Plus d&#8217;informations sur la politique de donn\u00e9es de Facebook:<br \/><br \/><span style=\"color: #ffffff;\"><strong><a style=\"color: #ffffff;\" href=\"https:\/\/www.facebook.com\/policy.php\" target=\"_blank\" rel=\"noopener\">Cliquez ici<\/a><\/strong><\/span><\/p>\t\t\t\t\t\t<\/div>\n\t\t\t\t<\/div>\n\t\t\t\t<div class=\"elementor-element elementor-element-c1df73a elementor-widget elementor-widget-heading\" data-id=\"c1df73a\" data-element_type=\"widget\" data-widget_type=\"heading.default\">\n\t\t\t\t<div class=\"elementor-widget-container\">\n\t\t\t<h3 class=\"elementor-heading-title elementor-size-default\">Google Maps<\/h3>\t\t<\/div>\n\t\t\t\t<\/div>\n\t\t\t\t<div class=\"elementor-element elementor-element-ae877b4 elementor-widget elementor-widget-text-editor\" data-id=\"ae877b4\" data-element_type=\"widget\" data-widget_type=\"text-editor.default\">\n\t\t\t\t<div class=\"elementor-widget-container\">\n\t\t\t\t\t\t\t<p>Nous utilisons &#8220;Google Maps&#8221; de &#8220;Google Inc&#8221; sur notre site Web.<\/p><p>Si vous utilisez notre site Web, vous acceptez la collecte, le traitement et l&#8217;utilisation des donn\u00e9es collect\u00e9es automatiquement par Google Inc., ses repr\u00e9sentants et des tiers.<\/p><p>Vous pouvez trouver les conditions d&#8217;utilisation de Google Maps ici:<\/p><p><span style=\"color: #ffffff;\"><strong><a style=\"color: #ffffff;\" href=\"https:\/\/www.google.com\/intl\/de_de\/help\/terms_maps\/\" target=\"_blank\" rel=\"noopener\">Cliquez ici<\/a><\/strong><\/span><\/p>\t\t\t\t\t\t<\/div>\n\t\t\t\t<\/div>\n\t\t\t\t<div class=\"elementor-element elementor-element-f8fafab elementor-widget elementor-widget-heading\" data-id=\"f8fafab\" data-element_type=\"widget\" data-widget_type=\"heading.default\">\n\t\t\t\t<div class=\"elementor-widget-container\">\n\t\t\t<h3 class=\"elementor-heading-title elementor-size-default\">Server Log Files<\/h3>\t\t<\/div>\n\t\t\t\t<\/div>\n\t\t\t\t<div class=\"elementor-element elementor-element-a3332e6 elementor-widget elementor-widget-text-editor\" data-id=\"a3332e6\" data-element_type=\"widget\" data-widget_type=\"text-editor.default\">\n\t\t\t\t<div class=\"elementor-widget-container\">\n\t\t\t\t\t\t\t<p>Votre navigateur nous transmet automatiquement des informations de nature g\u00e9n\u00e9rale (serveur et fichiers journaux). Des exemples de telles informations seraient:<\/p><ul><li>Type et version du navigateur<\/li><li>Referrer URL<\/li><li>Le syst\u00e8me d&#8217;exploitation<\/li><li>Heure de la demande\u00a0<\/li><li>IP-Adresse<\/li><\/ul><p>Nous n&#8217;utilisons pas vos donn\u00e9es pour tirer des conclusions \u00e0 votre sujet. L&#8217;objectif des fichiers journaux du serveur est plut\u00f4t d&#8217;optimiser notre site Web.\u00a0<\/p>\t\t\t\t\t\t<\/div>\n\t\t\t\t<\/div>\n\t\t\t\t<div class=\"elementor-element elementor-element-1bbaf1d elementor-widget elementor-widget-heading\" data-id=\"1bbaf1d\" data-element_type=\"widget\" data-widget_type=\"heading.default\">\n\t\t\t\t<div class=\"elementor-widget-container\">\n\t\t\t<h3 class=\"elementor-heading-title elementor-size-default\">Contactez-nous<\/h3>\t\t<\/div>\n\t\t\t\t<\/div>\n\t\t\t\t<div class=\"elementor-element elementor-element-e9c6fa0 elementor-widget elementor-widget-text-editor\" data-id=\"e9c6fa0\" data-element_type=\"widget\" data-widget_type=\"text-editor.default\">\n\t\t\t\t<div class=\"elementor-widget-container\">\n\t\t\t\t\t\t\t<p>Si vous avez des questions ou souhaitez des informations, le blocage ou la suppression de vos donn\u00e9es, vous pouvez contacter l&#8217;adresse indiqu\u00e9e dans les mentions l\u00e9gales (Impressum).<\/p>\t\t\t\t\t\t<\/div>\n\t\t\t\t<\/div>\n\t\t\t\t\t<\/div>\n\t\t<\/div>\n\t\t\t\t\t<\/div>\n\t\t<\/section>\n\t\t\t\t<\/div>\n\t\t","protected":false},"excerpt":{"rendered":"<p>Protection des donn\u00e9es Informations g\u00e9n\u00e9rales La protection de vos donn\u00e9es est tr\u00e8s importante \u00e0 nos yeux. Par cons\u00e9quent, nous traitons vos donn\u00e9es confidentielles que vous nous envoyez volontairement via notre formulaire de contact. Vos donn\u00e9es ne seront utilis\u00e9es qu&#8217;aux fins de votre demande et ne seront pas transmises \u00e0 des tiers. Si vous nous demandez [&hellip;]<\/p>\n","protected":false},"author":2,"featured_media":34965,"parent":0,"menu_order":12,"comment_status":"closed","ping_status":"closed","template":"elementor_header_footer","meta":{"footnotes":""},"class_list":["post-35088","page","type-page","status-publish","has-post-thumbnail","hentry"],"yoast_head":"<!-- This site is optimized with the Yoast SEO plugin v23.1 - https:\/\/yoast.com\/wordpress\/plugins\/seo\/ -->\n<title>Privacy Policy - Schmid &amp; Partners Management Services Ltd.<\/title>\n<meta name=\"description\" content=\"La protection de vos donn\u00e9es est tr\u00e8s importante pour nous. Nous traitons donc les donn\u00e9es que vous nous transmettez volontairement via notre formulaire de contact...\" \/>\n<meta name=\"robots\" content=\"index, follow, max-snippet:-1, max-image-preview:large, max-video-preview:-1\" \/>\n<link rel=\"canonical\" href=\"https:\/\/www.sandp.ch\/fr\/privacy-policy\/\" \/>\n<meta property=\"og:locale\" content=\"fr_FR\" \/>\n<meta property=\"og:type\" content=\"article\" \/>\n<meta property=\"og:title\" content=\"Privacy Policy - Schmid &amp; Partners Management Services Ltd.\" \/>\n<meta property=\"og:description\" content=\"La protection de vos donn\u00e9es est tr\u00e8s importante pour nous. Nous traitons donc les donn\u00e9es que vous nous transmettez volontairement via notre formulaire de contact...\" \/>\n<meta property=\"og:url\" content=\"https:\/\/www.sandp.ch\/fr\/privacy-policy\/\" \/>\n<meta property=\"og:site_name\" content=\"Schmid &amp; Partners Management Services Ltd.\" \/>\n<meta property=\"article:modified_time\" content=\"2024-07-17T13:43:05+00:00\" \/>\n<meta property=\"og:image\" content=\"https:\/\/www.sandp.ch\/wp-content\/uploads\/2022\/07\/Logo-1024x1024-1.jpg\" \/>\n\t<meta property=\"og:image:width\" content=\"1024\" \/>\n\t<meta property=\"og:image:height\" content=\"1024\" \/>\n\t<meta property=\"og:image:type\" content=\"image\/jpeg\" \/>\n<meta name=\"twitter:card\" content=\"summary_large_image\" \/>\n<meta name=\"twitter:label1\" content=\"Dur\u00e9e de lecture estim\u00e9e\" \/>\n\t<meta name=\"twitter:data1\" content=\"3 minutes\" \/>\n<script type=\"application\/ld+json\" class=\"yoast-schema-graph\">{\"@context\":\"https:\/\/schema.org\",\"@graph\":[{\"@type\":\"WebPage\",\"@id\":\"https:\/\/www.sandp.ch\/fr\/privacy-policy\/\",\"url\":\"https:\/\/www.sandp.ch\/fr\/privacy-policy\/\",\"name\":\"Privacy Policy - Schmid &amp; Partners Management Services Ltd.\",\"isPartOf\":{\"@id\":\"https:\/\/www.sandp.ch\/#website\"},\"primaryImageOfPage\":{\"@id\":\"https:\/\/www.sandp.ch\/fr\/privacy-policy\/#primaryimage\"},\"image\":{\"@id\":\"https:\/\/www.sandp.ch\/fr\/privacy-policy\/#primaryimage\"},\"thumbnailUrl\":\"https:\/\/www.sandp.ch\/wp-content\/uploads\/2022\/07\/Logo-1024x1024-1.jpg\",\"datePublished\":\"2020-10-14T12:47:37+00:00\",\"dateModified\":\"2024-07-17T13:43:05+00:00\",\"description\":\"La protection de vos donn\u00e9es est tr\u00e8s importante pour nous. Nous traitons donc les donn\u00e9es que vous nous transmettez volontairement via notre formulaire de contact...\",\"breadcrumb\":{\"@id\":\"https:\/\/www.sandp.ch\/fr\/privacy-policy\/#breadcrumb\"},\"inLanguage\":\"fr-FR\",\"potentialAction\":[{\"@type\":\"ReadAction\",\"target\":[\"https:\/\/www.sandp.ch\/fr\/privacy-policy\/\"]}]},{\"@type\":\"ImageObject\",\"inLanguage\":\"fr-FR\",\"@id\":\"https:\/\/www.sandp.ch\/fr\/privacy-policy\/#primaryimage\",\"url\":\"https:\/\/www.sandp.ch\/wp-content\/uploads\/2022\/07\/Logo-1024x1024-1.jpg\",\"contentUrl\":\"https:\/\/www.sandp.ch\/wp-content\/uploads\/2022\/07\/Logo-1024x1024-1.jpg\",\"width\":1024,\"height\":1024},{\"@type\":\"BreadcrumbList\",\"@id\":\"https:\/\/www.sandp.ch\/fr\/privacy-policy\/#breadcrumb\",\"itemListElement\":[{\"@type\":\"ListItem\",\"position\":1,\"name\":\"Home\",\"item\":\"https:\/\/www.sandp.ch\/fr\/\"},{\"@type\":\"ListItem\",\"position\":2,\"name\":\"Privacy Policy\"}]},{\"@type\":\"WebSite\",\"@id\":\"https:\/\/www.sandp.ch\/#website\",\"url\":\"https:\/\/www.sandp.ch\/\",\"name\":\"Schmid &amp; Partners Management Services Ltd.\",\"description\":\"\",\"publisher\":{\"@id\":\"https:\/\/www.sandp.ch\/#organization\"},\"inLanguage\":\"fr-FR\"},{\"@type\":\"Organization\",\"@id\":\"https:\/\/www.sandp.ch\/#organization\",\"name\":\"Schmid & Partner\",\"url\":\"https:\/\/www.sandp.ch\/\",\"logo\":{\"@type\":\"ImageObject\",\"inLanguage\":\"fr-FR\",\"@id\":\"https:\/\/www.sandp.ch\/#\/schema\/logo\/image\/\",\"url\":\"https:\/\/sandp.ch\/wp-content\/uploads\/2022\/06\/cropped-Siteicon-1.png\",\"contentUrl\":\"https:\/\/sandp.ch\/wp-content\/uploads\/2022\/06\/cropped-Siteicon-1.png\",\"width\":512,\"height\":512,\"caption\":\"Schmid & Partner\"},\"image\":{\"@id\":\"https:\/\/www.sandp.ch\/#\/schema\/logo\/image\/\"}}]}<\/script>\n<!-- \/ Yoast SEO plugin. -->","yoast_head_json":{"title":"Privacy Policy - Schmid &amp; Partners Management Services Ltd.","description":"La protection de vos donn\u00e9es est tr\u00e8s importante pour nous. Nous traitons donc les donn\u00e9es que vous nous transmettez volontairement via notre formulaire de contact...","robots":{"index":"index","follow":"follow","max-snippet":"max-snippet:-1","max-image-preview":"max-image-preview:large","max-video-preview":"max-video-preview:-1"},"canonical":"https:\/\/www.sandp.ch\/fr\/privacy-policy\/","og_locale":"fr_FR","og_type":"article","og_title":"Privacy Policy - Schmid &amp; Partners Management Services Ltd.","og_description":"La protection de vos donn\u00e9es est tr\u00e8s importante pour nous. Nous traitons donc les donn\u00e9es que vous nous transmettez volontairement via notre formulaire de contact...","og_url":"https:\/\/www.sandp.ch\/fr\/privacy-policy\/","og_site_name":"Schmid &amp; Partners Management Services Ltd.","article_modified_time":"2024-07-17T13:43:05+00:00","og_image":[{"width":1024,"height":1024,"url":"https:\/\/www.sandp.ch\/wp-content\/uploads\/2022\/07\/Logo-1024x1024-1.jpg","type":"image\/jpeg"}],"twitter_card":"summary_large_image","twitter_misc":{"Dur\u00e9e de lecture estim\u00e9e":"3 minutes"},"schema":{"@context":"https:\/\/schema.org","@graph":[{"@type":"WebPage","@id":"https:\/\/www.sandp.ch\/fr\/privacy-policy\/","url":"https:\/\/www.sandp.ch\/fr\/privacy-policy\/","name":"Privacy Policy - Schmid &amp; Partners Management Services Ltd.","isPartOf":{"@id":"https:\/\/www.sandp.ch\/#website"},"primaryImageOfPage":{"@id":"https:\/\/www.sandp.ch\/fr\/privacy-policy\/#primaryimage"},"image":{"@id":"https:\/\/www.sandp.ch\/fr\/privacy-policy\/#primaryimage"},"thumbnailUrl":"https:\/\/www.sandp.ch\/wp-content\/uploads\/2022\/07\/Logo-1024x1024-1.jpg","datePublished":"2020-10-14T12:47:37+00:00","dateModified":"2024-07-17T13:43:05+00:00","description":"La protection de vos donn\u00e9es est tr\u00e8s importante pour nous. Nous traitons donc les donn\u00e9es que vous nous transmettez volontairement via notre formulaire de contact...","breadcrumb":{"@id":"https:\/\/www.sandp.ch\/fr\/privacy-policy\/#breadcrumb"},"inLanguage":"fr-FR","potentialAction":[{"@type":"ReadAction","target":["https:\/\/www.sandp.ch\/fr\/privacy-policy\/"]}]},{"@type":"ImageObject","inLanguage":"fr-FR","@id":"https:\/\/www.sandp.ch\/fr\/privacy-policy\/#primaryimage","url":"https:\/\/www.sandp.ch\/wp-content\/uploads\/2022\/07\/Logo-1024x1024-1.jpg","contentUrl":"https:\/\/www.sandp.ch\/wp-content\/uploads\/2022\/07\/Logo-1024x1024-1.jpg","width":1024,"height":1024},{"@type":"BreadcrumbList","@id":"https:\/\/www.sandp.ch\/fr\/privacy-policy\/#breadcrumb","itemListElement":[{"@type":"ListItem","position":1,"name":"Home","item":"https:\/\/www.sandp.ch\/fr\/"},{"@type":"ListItem","position":2,"name":"Privacy Policy"}]},{"@type":"WebSite","@id":"https:\/\/www.sandp.ch\/#website","url":"https:\/\/www.sandp.ch\/","name":"Schmid &amp; Partners Management Services Ltd.","description":"","publisher":{"@id":"https:\/\/www.sandp.ch\/#organization"},"inLanguage":"fr-FR"},{"@type":"Organization","@id":"https:\/\/www.sandp.ch\/#organization","name":"Schmid & Partner","url":"https:\/\/www.sandp.ch\/","logo":{"@type":"ImageObject","inLanguage":"fr-FR","@id":"https:\/\/www.sandp.ch\/#\/schema\/logo\/image\/","url":"https:\/\/sandp.ch\/wp-content\/uploads\/2022\/06\/cropped-Siteicon-1.png","contentUrl":"https:\/\/sandp.ch\/wp-content\/uploads\/2022\/06\/cropped-Siteicon-1.png","width":512,"height":512,"caption":"Schmid & Partner"},"image":{"@id":"https:\/\/www.sandp.ch\/#\/schema\/logo\/image\/"}}]}},"_links":{"self":[{"href":"https:\/\/www.sandp.ch\/fr\/wp-json\/wp\/v2\/pages\/35088"}],"collection":[{"href":"https:\/\/www.sandp.ch\/fr\/wp-json\/wp\/v2\/pages"}],"about":[{"href":"https:\/\/www.sandp.ch\/fr\/wp-json\/wp\/v2\/types\/page"}],"author":[{"embeddable":true,"href":"https:\/\/www.sandp.ch\/fr\/wp-json\/wp\/v2\/users\/2"}],"replies":[{"embeddable":true,"href":"https:\/\/www.sandp.ch\/fr\/wp-json\/wp\/v2\/comments?post=35088"}],"version-history":[{"count":5,"href":"https:\/\/www.sandp.ch\/fr\/wp-json\/wp\/v2\/pages\/35088\/revisions"}],"predecessor-version":[{"id":37616,"href":"https:\/\/www.sandp.ch\/fr\/wp-json\/wp\/v2\/pages\/35088\/revisions\/37616"}],"wp:featuredmedia":[{"embeddable":true,"href":"https:\/\/www.sandp.ch\/fr\/wp-json\/wp\/v2\/media\/34965"}],"wp:attachment":[{"href":"https:\/\/www.sandp.ch\/fr\/wp-json\/wp\/v2\/media?parent=35088"}],"curies":[{"name":"wp","href":"https:\/\/api.w.org\/{rel}","templated":true}]}}