{"id":35085,"date":"2022-06-22T20:31:53","date_gmt":"2022-06-22T18:31:53","guid":{"rendered":"https:\/\/sandp.ch\/intermediaires\/"},"modified":"2024-07-18T10:50:12","modified_gmt":"2024-07-18T08:50:12","slug":"intermediaries","status":"publish","type":"page","link":"https:\/\/www.sandp.ch\/fr\/intermediaries\/","title":{"rendered":"Intermediaries"},"content":{"rendered":"\t\t<div data-elementor-type=\"wp-page\" data-elementor-id=\"35085\" class=\"elementor elementor-35085 elementor-28953\" data-elementor-post-type=\"page\">\n\t\t\t\t\t\t<section data-dce-background-overlay-color=\"#112457\" data-dce-background-image-url=\"https:\/\/www.sandp.ch\/wp-content\/uploads\/2024\/07\/8.jpg\" class=\"elementor-section elementor-top-section elementor-element elementor-element-b4b89c6 elementor-section-height-min-height elementor-section-items-stretch elementor-hidden-tablet elementor-hidden-mobile elementor-section-boxed elementor-section-height-default\" data-id=\"b4b89c6\" data-element_type=\"section\" id=\"sec1\" data-settings=\"{&quot;background_background&quot;:&quot;classic&quot;,&quot;_ha_eqh_enable&quot;:false}\">\n\t\t\t\t\t\t\t<div class=\"elementor-background-overlay\"><\/div>\n\t\t\t\t\t\t\t<div class=\"elementor-container elementor-column-gap-default\">\n\t\t\t\t\t<div class=\"elementor-column elementor-col-100 elementor-top-column elementor-element elementor-element-58bf87e\" data-id=\"58bf87e\" data-element_type=\"column\">\n\t\t\t<div class=\"elementor-widget-wrap elementor-element-populated\">\n\t\t\t\t\t\t<div class=\"elementor-element elementor-element-2948878 elementor-widget elementor-widget-heading\" data-id=\"2948878\" data-element_type=\"widget\" data-widget_type=\"heading.default\">\n\t\t\t\t<div class=\"elementor-widget-container\">\n\t\t\t<h2 class=\"elementor-heading-title elementor-size-default\">Votre<span style=\"font-weight: 600;\"> partenariat<\/span> avec Schmid & Partenaires Management Services SA<\/h2>\t\t<\/div>\n\t\t\t\t<\/div>\n\t\t\t\t\t<\/div>\n\t\t<\/div>\n\t\t\t\t\t<\/div>\n\t\t<\/section>\n\t\t\t\t<section data-dce-background-overlay-color=\"#112457\" data-dce-background-image-url=\"https:\/\/www.sandp.ch\/wp-content\/uploads\/2022\/06\/8.jpg\" class=\"elementor-section elementor-top-section elementor-element elementor-element-293f727 elementor-section-height-min-height elementor-section-items-stretch elementor-hidden-desktop elementor-section-boxed elementor-section-height-default\" data-id=\"293f727\" data-element_type=\"section\" data-settings=\"{&quot;background_background&quot;:&quot;classic&quot;,&quot;_ha_eqh_enable&quot;:false}\">\n\t\t\t\t\t\t\t<div class=\"elementor-background-overlay\"><\/div>\n\t\t\t\t\t\t\t<div class=\"elementor-container elementor-column-gap-default\">\n\t\t\t\t\t<div class=\"elementor-column elementor-col-100 elementor-top-column elementor-element elementor-element-b288d98\" data-id=\"b288d98\" data-element_type=\"column\">\n\t\t\t<div class=\"elementor-widget-wrap elementor-element-populated\">\n\t\t\t\t\t\t<div class=\"elementor-element elementor-element-d110809 elementor-widget elementor-widget-heading\" data-id=\"d110809\" data-element_type=\"widget\" data-widget_type=\"heading.default\">\n\t\t\t\t<div class=\"elementor-widget-container\">\n\t\t\t<h2 class=\"elementor-heading-title elementor-size-default\">Votre <span style=\"font-weight: 600;\"> partenariat<\/span> avec Schmid & Partenaires Management Services SA<\/h2>\t\t<\/div>\n\t\t\t\t<\/div>\n\t\t\t\t\t<\/div>\n\t\t<\/div>\n\t\t\t\t\t<\/div>\n\t\t<\/section>\n\t\t\t\t<section class=\"elementor-section elementor-top-section elementor-element elementor-element-0031835 elementor-section-boxed elementor-section-height-default elementor-section-height-default\" data-id=\"0031835\" data-element_type=\"section\" data-settings=\"{&quot;_ha_eqh_enable&quot;:false}\">\n\t\t\t\t\t\t<div class=\"elementor-container elementor-column-gap-default\">\n\t\t\t\t\t<div class=\"elementor-column elementor-col-50 elementor-top-column elementor-element elementor-element-b6719d8\" data-id=\"b6719d8\" data-element_type=\"column\">\n\t\t\t<div class=\"elementor-widget-wrap elementor-element-populated\">\n\t\t\t\t\t\t<div class=\"elementor-element elementor-element-5837f3d elementor-widget elementor-widget-heading\" data-id=\"5837f3d\" data-element_type=\"widget\" data-widget_type=\"heading.default\">\n\t\t\t\t<div class=\"elementor-widget-container\">\n\t\t\t<h2 class=\"elementor-heading-title elementor-size-default\">Interm\u00e9diaires<\/h2>\t\t<\/div>\n\t\t\t\t<\/div>\n\t\t\t\t<div class=\"elementor-element elementor-element-e163c81 elementor-widget elementor-widget-heading\" data-id=\"e163c81\" data-element_type=\"widget\" data-widget_type=\"heading.default\">\n\t\t\t\t<div class=\"elementor-widget-container\">\n\t\t\t<h2 class=\"elementor-heading-title elementor-size-default\">Nous vous pla\u00e7ons avec<span style=\"font-weight: 600;\"> les meilleurs <span style=\"font-weight: 600;\"> <\/span><\/span><\/h2>\t\t<\/div>\n\t\t\t\t<\/div>\n\t\t\t\t<div class=\"elementor-element elementor-element-35c06d1 elementor-widget elementor-widget-text-editor\" data-id=\"35c06d1\" data-element_type=\"widget\" data-widget_type=\"text-editor.default\">\n\t\t\t\t<div class=\"elementor-widget-container\">\n\t\t\t\t\t\t\tSchmid &amp; Partenaires Management Services SA dispose d&#8217;un r\u00e9seau unique et mondial dans le secteur et jouit d&#8217;une excellente r\u00e9putation. Nous pouvons vous proposer des solutions et une m\u00e9diation qui vous rapprocheront de vos objectifs. \t\t\t\t\t\t<\/div>\n\t\t\t\t<\/div>\n\t\t\t\t<div class=\"elementor-element elementor-element-4e7f8f3 elementor-widget elementor-widget-text-editor\" data-id=\"4e7f8f3\" data-element_type=\"widget\" data-widget_type=\"text-editor.default\">\n\t\t\t\t<div class=\"elementor-widget-container\">\n\t\t\t\t\t\t\t<p>Gr\u00e2ce \u00e0 notre longue exp\u00e9rience dans le secteur, nous pouvons vous offrir le plus haut niveau de services et les meilleurs produits du march\u00e9. Nous mettons notre r\u00e9seau \u00e0 votre disposition, vous conseillons et vous soutenons en fonction de vos besoins. L&#8217;\u00e9quipe tr\u00e8s exp\u00e9riment\u00e9e de notre soci\u00e9t\u00e9 a r\u00e9ussi \u00e0 entretenir des relations commerciales durables durant plusieurs d\u00e9cennies et se r\u00e9jouit de nouvelles collaborations fructueuses.<\/p><p>Vous avez une demande ou besoin de plus d&#8217;informations? Nous sommes tr\u00e8s heureux de vous aider. Vous pouvez nous contacter en nous appelant ou en utilisant le formulaire de contact.<\/p>\t\t\t\t\t\t<\/div>\n\t\t\t\t<\/div>\n\t\t\t\t\t<\/div>\n\t\t<\/div>\n\t\t\t\t<div class=\"elementor-column elementor-col-50 elementor-top-column elementor-element elementor-element-d3d8bf9\" data-id=\"d3d8bf9\" data-element_type=\"column\" data-settings=\"{&quot;background_background&quot;:&quot;classic&quot;}\">\n\t\t\t<div class=\"elementor-widget-wrap elementor-element-populated\">\n\t\t\t\t\t\t<section class=\"elementor-section elementor-inner-section elementor-element elementor-element-496f680 elementor-section-full_width elementor-section-height-min-height elementor-section-height-default\" data-id=\"496f680\" data-element_type=\"section\" data-settings=\"{&quot;background_background&quot;:&quot;classic&quot;,&quot;_ha_eqh_enable&quot;:false}\">\n\t\t\t\t\t\t<div class=\"elementor-container elementor-column-gap-default\">\n\t\t\t\t\t<div data-dce-background-image-url=\"https:\/\/www.sandp.ch\/wp-content\/uploads\/2024\/07\/7.jpg\" class=\"elementor-column elementor-col-100 elementor-inner-column elementor-element elementor-element-766aabd\" data-id=\"766aabd\" data-element_type=\"column\" data-settings=\"{&quot;background_background&quot;:&quot;classic&quot;,&quot;background_motion_fx_motion_fx_scrolling&quot;:&quot;yes&quot;,&quot;motion_fx_motion_fx_scrolling&quot;:&quot;yes&quot;,&quot;motion_fx_translateY_effect&quot;:&quot;yes&quot;,&quot;motion_fx_translateY_speed&quot;:{&quot;unit&quot;:&quot;px&quot;,&quot;size&quot;:0.5,&quot;sizes&quot;:[]},&quot;background_motion_fx_devices&quot;:[&quot;desktop&quot;,&quot;tablet&quot;,&quot;mobile&quot;],&quot;motion_fx_translateY_affectedRange&quot;:{&quot;unit&quot;:&quot;%&quot;,&quot;size&quot;:&quot;&quot;,&quot;sizes&quot;:{&quot;start&quot;:0,&quot;end&quot;:100}},&quot;motion_fx_devices&quot;:[&quot;desktop&quot;,&quot;tablet&quot;,&quot;mobile&quot;]}\">\n\t\t\t<div class=\"elementor-widget-wrap elementor-element-populated\">\n\t\t\t\t\t\t<div class=\"elementor-element elementor-element-550bcad elementor-widget elementor-widget-spacer\" data-id=\"550bcad\" data-element_type=\"widget\" data-widget_type=\"spacer.default\">\n\t\t\t\t<div class=\"elementor-widget-container\">\n\t\t\t\t\t<div class=\"elementor-spacer\">\n\t\t\t<div class=\"elementor-spacer-inner\"><\/div>\n\t\t<\/div>\n\t\t\t\t<\/div>\n\t\t\t\t<\/div>\n\t\t\t\t\t<\/div>\n\t\t<\/div>\n\t\t\t\t\t<\/div>\n\t\t<\/section>\n\t\t\t\t<section class=\"elementor-section elementor-inner-section elementor-element elementor-element-1aa1847 elementor-section-full_width elementor-section-height-min-height elementor-section-height-default\" data-id=\"1aa1847\" data-element_type=\"section\" data-settings=\"{&quot;background_background&quot;:&quot;classic&quot;,&quot;_ha_eqh_enable&quot;:false}\">\n\t\t\t\t\t\t<div class=\"elementor-container elementor-column-gap-default\">\n\t\t\t\t\t<div data-dce-background-image-url=\"https:\/\/www.sandp.ch\/wp-content\/uploads\/2022\/06\/3-2.png\" class=\"elementor-column elementor-col-100 elementor-inner-column elementor-element elementor-element-1019a6b\" data-id=\"1019a6b\" data-element_type=\"column\" data-settings=\"{&quot;background_background&quot;:&quot;classic&quot;}\">\n\t\t\t<div class=\"elementor-widget-wrap elementor-element-populated\">\n\t\t\t\t\t\t<div class=\"elementor-element elementor-element-bd10cd6 elementor-widget elementor-widget-spacer\" data-id=\"bd10cd6\" data-element_type=\"widget\" data-widget_type=\"spacer.default\">\n\t\t\t\t<div class=\"elementor-widget-container\">\n\t\t\t\t\t<div class=\"elementor-spacer\">\n\t\t\t<div class=\"elementor-spacer-inner\"><\/div>\n\t\t<\/div>\n\t\t\t\t<\/div>\n\t\t\t\t<\/div>\n\t\t\t\t\t<\/div>\n\t\t<\/div>\n\t\t\t\t\t<\/div>\n\t\t<\/section>\n\t\t\t\t\t<\/div>\n\t\t<\/div>\n\t\t\t\t\t<\/div>\n\t\t<\/section>\n\t\t\t\t<section data-dce-background-image-url=\"https:\/\/www.sandp.ch\/wp-content\/uploads\/2022\/07\/Asset-2.png\" class=\"elementor-section elementor-top-section elementor-element elementor-element-1a72bc0 elementor-section-height-min-height elementor-section-items-stretch elementor-section-boxed elementor-section-height-default\" data-id=\"1a72bc0\" data-element_type=\"section\" data-settings=\"{&quot;background_background&quot;:&quot;classic&quot;,&quot;_ha_eqh_enable&quot;:false}\">\n\t\t\t\t\t\t\t<div class=\"elementor-background-overlay\"><\/div>\n\t\t\t\t\t\t\t<div class=\"elementor-container elementor-column-gap-default\">\n\t\t\t\t\t<div class=\"elementor-column elementor-col-100 elementor-top-column elementor-element elementor-element-05bd0af\" data-id=\"05bd0af\" data-element_type=\"column\">\n\t\t\t<div class=\"elementor-widget-wrap elementor-element-populated\">\n\t\t\t\t\t\t<div class=\"elementor-element elementor-element-e6867d6 elementor-widget elementor-widget-heading\" data-id=\"e6867d6\" data-element_type=\"widget\" data-widget_type=\"heading.default\">\n\t\t\t\t<div class=\"elementor-widget-container\">\n\t\t\t<h2 class=\"elementor-heading-title elementor-size-default\">Notre<span style=\"font-weight: 600;\"> points forts<\/span><\/h2>\t\t<\/div>\n\t\t\t\t<\/div>\n\t\t\t\t<div class=\"elementor-element elementor-element-3521c32 elementor-widget__width-initial elementor-icon-list--layout-traditional elementor-list-item-link-full_width elementor-widget elementor-widget-icon-list\" data-id=\"3521c32\" data-element_type=\"widget\" data-widget_type=\"icon-list.default\">\n\t\t\t\t<div class=\"elementor-widget-container\">\n\t\t\t\t\t<ul class=\"elementor-icon-list-items\">\n\t\t\t\t\t\t\t<li class=\"elementor-icon-list-item\">\n\t\t\t\t\t\t\t\t\t\t\t<span class=\"elementor-icon-list-icon\">\n\t\t\t\t\t\t\t<i aria-hidden=\"true\" class=\"fas fa-check-circle\"><\/i>\t\t\t\t\t\t<\/span>\n\t\t\t\t\t\t\t\t\t\t<span class=\"elementor-icon-list-text\">Succ\u00e8s mutuel et \u00e0 long terme<\/span>\n\t\t\t\t\t\t\t\t\t<\/li>\n\t\t\t\t\t\t\t\t<li class=\"elementor-icon-list-item\">\n\t\t\t\t\t\t\t\t\t\t\t<span class=\"elementor-icon-list-icon\">\n\t\t\t\t\t\t\t<i aria-hidden=\"true\" class=\"fas fa-check-circle\"><\/i>\t\t\t\t\t\t<\/span>\n\t\t\t\t\t\t\t\t\t\t<span class=\"elementor-icon-list-text\">Communication ouverte et individuelle dans toutes les activit\u00e9s<\/span>\n\t\t\t\t\t\t\t\t\t<\/li>\n\t\t\t\t\t\t\t\t<li class=\"elementor-icon-list-item\">\n\t\t\t\t\t\t\t\t\t\t\t<span class=\"elementor-icon-list-icon\">\n\t\t\t\t\t\t\t<i aria-hidden=\"true\" class=\"fas fa-check-circle\"><\/i>\t\t\t\t\t\t<\/span>\n\t\t\t\t\t\t\t\t\t\t<span class=\"elementor-icon-list-text\">Orientation globale<\/span>\n\t\t\t\t\t\t\t\t\t<\/li>\n\t\t\t\t\t\t<\/ul>\n\t\t\t\t<\/div>\n\t\t\t\t<\/div>\n\t\t\t\t<div class=\"elementor-element elementor-element-967cfa0 elementor-widget__width-initial elementor-icon-list--layout-traditional elementor-list-item-link-full_width elementor-widget elementor-widget-icon-list\" data-id=\"967cfa0\" data-element_type=\"widget\" data-widget_type=\"icon-list.default\">\n\t\t\t\t<div class=\"elementor-widget-container\">\n\t\t\t\t\t<ul class=\"elementor-icon-list-items\">\n\t\t\t\t\t\t\t<li class=\"elementor-icon-list-item\">\n\t\t\t\t\t\t\t\t\t\t\t<span class=\"elementor-icon-list-icon\">\n\t\t\t\t\t\t\t<i aria-hidden=\"true\" class=\"fas fa-check-circle\"><\/i>\t\t\t\t\t\t<\/span>\n\t\t\t\t\t\t\t\t\t\t<span class=\"elementor-icon-list-text\">Services sur mesure<\/span>\n\t\t\t\t\t\t\t\t\t<\/li>\n\t\t\t\t\t\t\t\t<li class=\"elementor-icon-list-item\">\n\t\t\t\t\t\t\t\t\t\t\t<span class=\"elementor-icon-list-icon\">\n\t\t\t\t\t\t\t<i aria-hidden=\"true\" class=\"fas fa-check-circle\"><\/i>\t\t\t\t\t\t<\/span>\n\t\t\t\t\t\t\t\t\t\t<span class=\"elementor-icon-list-text\">Un cadre \u00e9thique clair<\/span>\n\t\t\t\t\t\t\t\t\t<\/li>\n\t\t\t\t\t\t<\/ul>\n\t\t\t\t<\/div>\n\t\t\t\t<\/div>\n\t\t\t\t\t<\/div>\n\t\t<\/div>\n\t\t\t\t\t<\/div>\n\t\t<\/section>\n\t\t\t\t<section data-dce-background-color=\"#112457\" data-dce-background-image-url=\"https:\/\/www.sandp.ch\/wp-content\/uploads\/2022\/06\/6.jpg\" data-dce-background-overlay-image-url=\"https:\/\/www.sandp.ch\/wp-content\/uploads\/2022\/06\/3-1-1.png\" class=\"elementor-section elementor-top-section elementor-element elementor-element-5608dc7 elementor-section-boxed elementor-section-height-default elementor-section-height-default\" data-id=\"5608dc7\" data-element_type=\"section\" data-settings=\"{&quot;background_background&quot;:&quot;classic&quot;,&quot;_ha_eqh_enable&quot;:false}\">\n\t\t\t\t\t\t\t<div class=\"elementor-background-overlay\"><\/div>\n\t\t\t\t\t\t\t<div class=\"elementor-container elementor-column-gap-default\">\n\t\t\t\t\t<div class=\"elementor-column elementor-col-100 elementor-top-column elementor-element elementor-element-e18fc9e\" data-id=\"e18fc9e\" data-element_type=\"column\">\n\t\t\t<div class=\"elementor-widget-wrap elementor-element-populated\">\n\t\t\t\t\t\t<div class=\"elementor-element elementor-element-30f9c50 elementor-widget elementor-widget-heading\" data-id=\"30f9c50\" data-element_type=\"widget\" data-widget_type=\"heading.default\">\n\t\t\t\t<div class=\"elementor-widget-container\">\n\t\t\t<h2 class=\"elementor-heading-title elementor-size-default\">Contactez-<span style=\"font-weight: 600;\">nous<\/span><\/h2>\t\t<\/div>\n\t\t\t\t<\/div>\n\t\t\t\t<div class=\"elementor-element elementor-element-3a75d3d elementor-widget elementor-widget-text-editor\" data-id=\"3a75d3d\" data-element_type=\"widget\" data-widget_type=\"text-editor.default\">\n\t\t\t\t<div class=\"elementor-widget-container\">\n\t\t\t\t\t\t\tPour plus d&#8217;informations, n&#8217;h\u00e9sitez pas \u00e0 nous contacter. \t\t\t\t\t\t<\/div>\n\t\t\t\t<\/div>\n\t\t\t\t<div data-dce-background-color=\"#11245700\" class=\"elementor-element elementor-element-8133675 elementor-widget elementor-widget-button\" data-id=\"8133675\" data-element_type=\"widget\" data-widget_type=\"button.default\">\n\t\t\t\t<div class=\"elementor-widget-container\">\n\t\t\t\t\t<div class=\"elementor-button-wrapper\">\n\t\t\t<a class=\"elementor-button elementor-button-link elementor-size-sm\" href=\"https:\/\/www.sandp.ch\/fr\/contact\/\">\n\t\t\t\t\t\t<span class=\"elementor-button-content-wrapper\">\n\t\t\t\t\t\t\t\t\t<span class=\"elementor-button-text\"><div class=\"word1\">PRENDRE<\/div><b><div class=\"word2\"> CONTACT<\/div><\/span>\n\t\t\t\t\t<\/span>\n\t\t\t\t\t<\/a>\n\t\t<\/div>\n\t\t\t\t<\/div>\n\t\t\t\t<\/div>\n\t\t\t\t\t<\/div>\n\t\t<\/div>\n\t\t\t\t\t<\/div>\n\t\t<\/section>\n\t\t\t\t<\/div>\n\t\t","protected":false},"excerpt":{"rendered":"<p>Votre partenariat avec Schmid &#038; Partenaires Management Services SA Votre partenariat avec Schmid &#038; Partenaires Management Services SA Interm\u00e9diaires Nous vous pla\u00e7ons avec les meilleurs Schmid &amp; Partenaires Management Services SA dispose d&#8217;un r\u00e9seau unique et mondial dans le secteur et jouit d&#8217;une excellente r\u00e9putation. Nous pouvons vous proposer des solutions et une m\u00e9diation qui [&hellip;]<\/p>\n","protected":false},"author":2,"featured_media":34965,"parent":0,"menu_order":4,"comment_status":"closed","ping_status":"closed","template":"elementor_header_footer","meta":{"footnotes":""},"class_list":["post-35085","page","type-page","status-publish","has-post-thumbnail","hentry"],"yoast_head":"<!-- This site is optimized with the Yoast SEO plugin v23.1 - https:\/\/yoast.com\/wordpress\/plugins\/seo\/ -->\n<title>Intermediaries - Schmid &amp; Partners Management Services Ltd.<\/title>\n<meta name=\"description\" content=\"Schmid &amp; Partners dispose d&#039;un r\u00e9seau mondial dans ce domaine. Nous vous proposons des solutions pour vous aider \u00e0 atteindre vos objectifs.\" \/>\n<meta name=\"robots\" content=\"index, follow, max-snippet:-1, max-image-preview:large, max-video-preview:-1\" \/>\n<link rel=\"canonical\" href=\"https:\/\/www.sandp.ch\/fr\/intermediaries\/\" \/>\n<meta property=\"og:locale\" content=\"fr_FR\" \/>\n<meta property=\"og:type\" content=\"article\" \/>\n<meta property=\"og:title\" content=\"Intermediaries - Schmid &amp; Partners Management Services Ltd.\" \/>\n<meta property=\"og:description\" content=\"Schmid &amp; Partners dispose d&#039;un r\u00e9seau mondial dans ce domaine. Nous vous proposons des solutions pour vous aider \u00e0 atteindre vos objectifs.\" \/>\n<meta property=\"og:url\" content=\"https:\/\/www.sandp.ch\/fr\/intermediaries\/\" \/>\n<meta property=\"og:site_name\" content=\"Schmid &amp; Partners Management Services Ltd.\" \/>\n<meta property=\"article:modified_time\" content=\"2024-07-18T08:50:12+00:00\" \/>\n<meta property=\"og:image\" content=\"https:\/\/www.sandp.ch\/wp-content\/uploads\/2022\/07\/Logo-1024x1024-1.jpg\" \/>\n\t<meta property=\"og:image:width\" content=\"1024\" \/>\n\t<meta property=\"og:image:height\" content=\"1024\" \/>\n\t<meta property=\"og:image:type\" content=\"image\/jpeg\" \/>\n<meta name=\"twitter:card\" content=\"summary_large_image\" \/>\n<meta name=\"twitter:label1\" content=\"Dur\u00e9e de lecture estim\u00e9e\" \/>\n\t<meta name=\"twitter:data1\" content=\"1 minute\" \/>\n<script type=\"application\/ld+json\" class=\"yoast-schema-graph\">{\"@context\":\"https:\/\/schema.org\",\"@graph\":[{\"@type\":\"WebPage\",\"@id\":\"https:\/\/www.sandp.ch\/fr\/intermediaries\/\",\"url\":\"https:\/\/www.sandp.ch\/fr\/intermediaries\/\",\"name\":\"Intermediaries - Schmid &amp; Partners Management Services Ltd.\",\"isPartOf\":{\"@id\":\"https:\/\/www.sandp.ch\/#website\"},\"primaryImageOfPage\":{\"@id\":\"https:\/\/www.sandp.ch\/fr\/intermediaries\/#primaryimage\"},\"image\":{\"@id\":\"https:\/\/www.sandp.ch\/fr\/intermediaries\/#primaryimage\"},\"thumbnailUrl\":\"https:\/\/www.sandp.ch\/wp-content\/uploads\/2022\/07\/Logo-1024x1024-1.jpg\",\"datePublished\":\"2022-06-22T18:31:53+00:00\",\"dateModified\":\"2024-07-18T08:50:12+00:00\",\"description\":\"Schmid & Partners dispose d'un r\u00e9seau mondial dans ce domaine. Nous vous proposons des solutions pour vous aider \u00e0 atteindre vos objectifs.\",\"breadcrumb\":{\"@id\":\"https:\/\/www.sandp.ch\/fr\/intermediaries\/#breadcrumb\"},\"inLanguage\":\"fr-FR\",\"potentialAction\":[{\"@type\":\"ReadAction\",\"target\":[\"https:\/\/www.sandp.ch\/fr\/intermediaries\/\"]}]},{\"@type\":\"ImageObject\",\"inLanguage\":\"fr-FR\",\"@id\":\"https:\/\/www.sandp.ch\/fr\/intermediaries\/#primaryimage\",\"url\":\"https:\/\/www.sandp.ch\/wp-content\/uploads\/2022\/07\/Logo-1024x1024-1.jpg\",\"contentUrl\":\"https:\/\/www.sandp.ch\/wp-content\/uploads\/2022\/07\/Logo-1024x1024-1.jpg\",\"width\":1024,\"height\":1024},{\"@type\":\"BreadcrumbList\",\"@id\":\"https:\/\/www.sandp.ch\/fr\/intermediaries\/#breadcrumb\",\"itemListElement\":[{\"@type\":\"ListItem\",\"position\":1,\"name\":\"Home\",\"item\":\"https:\/\/www.sandp.ch\/fr\/\"},{\"@type\":\"ListItem\",\"position\":2,\"name\":\"Intermediaries\"}]},{\"@type\":\"WebSite\",\"@id\":\"https:\/\/www.sandp.ch\/#website\",\"url\":\"https:\/\/www.sandp.ch\/\",\"name\":\"Schmid &amp; Partners Management Services Ltd.\",\"description\":\"\",\"publisher\":{\"@id\":\"https:\/\/www.sandp.ch\/#organization\"},\"inLanguage\":\"fr-FR\"},{\"@type\":\"Organization\",\"@id\":\"https:\/\/www.sandp.ch\/#organization\",\"name\":\"Schmid & Partner\",\"url\":\"https:\/\/www.sandp.ch\/\",\"logo\":{\"@type\":\"ImageObject\",\"inLanguage\":\"fr-FR\",\"@id\":\"https:\/\/www.sandp.ch\/#\/schema\/logo\/image\/\",\"url\":\"https:\/\/sandp.ch\/wp-content\/uploads\/2022\/06\/cropped-Siteicon-1.png\",\"contentUrl\":\"https:\/\/sandp.ch\/wp-content\/uploads\/2022\/06\/cropped-Siteicon-1.png\",\"width\":512,\"height\":512,\"caption\":\"Schmid & Partner\"},\"image\":{\"@id\":\"https:\/\/www.sandp.ch\/#\/schema\/logo\/image\/\"}}]}<\/script>\n<!-- \/ Yoast SEO plugin. -->","yoast_head_json":{"title":"Intermediaries - Schmid &amp; Partners Management Services Ltd.","description":"Schmid & Partners dispose d'un r\u00e9seau mondial dans ce domaine. Nous vous proposons des solutions pour vous aider \u00e0 atteindre vos objectifs.","robots":{"index":"index","follow":"follow","max-snippet":"max-snippet:-1","max-image-preview":"max-image-preview:large","max-video-preview":"max-video-preview:-1"},"canonical":"https:\/\/www.sandp.ch\/fr\/intermediaries\/","og_locale":"fr_FR","og_type":"article","og_title":"Intermediaries - Schmid &amp; Partners Management Services Ltd.","og_description":"Schmid & Partners dispose d'un r\u00e9seau mondial dans ce domaine. Nous vous proposons des solutions pour vous aider \u00e0 atteindre vos objectifs.","og_url":"https:\/\/www.sandp.ch\/fr\/intermediaries\/","og_site_name":"Schmid &amp; Partners Management Services Ltd.","article_modified_time":"2024-07-18T08:50:12+00:00","og_image":[{"width":1024,"height":1024,"url":"https:\/\/www.sandp.ch\/wp-content\/uploads\/2022\/07\/Logo-1024x1024-1.jpg","type":"image\/jpeg"}],"twitter_card":"summary_large_image","twitter_misc":{"Dur\u00e9e de lecture estim\u00e9e":"1 minute"},"schema":{"@context":"https:\/\/schema.org","@graph":[{"@type":"WebPage","@id":"https:\/\/www.sandp.ch\/fr\/intermediaries\/","url":"https:\/\/www.sandp.ch\/fr\/intermediaries\/","name":"Intermediaries - Schmid &amp; Partners Management Services Ltd.","isPartOf":{"@id":"https:\/\/www.sandp.ch\/#website"},"primaryImageOfPage":{"@id":"https:\/\/www.sandp.ch\/fr\/intermediaries\/#primaryimage"},"image":{"@id":"https:\/\/www.sandp.ch\/fr\/intermediaries\/#primaryimage"},"thumbnailUrl":"https:\/\/www.sandp.ch\/wp-content\/uploads\/2022\/07\/Logo-1024x1024-1.jpg","datePublished":"2022-06-22T18:31:53+00:00","dateModified":"2024-07-18T08:50:12+00:00","description":"Schmid & Partners dispose d'un r\u00e9seau mondial dans ce domaine. Nous vous proposons des solutions pour vous aider \u00e0 atteindre vos objectifs.","breadcrumb":{"@id":"https:\/\/www.sandp.ch\/fr\/intermediaries\/#breadcrumb"},"inLanguage":"fr-FR","potentialAction":[{"@type":"ReadAction","target":["https:\/\/www.sandp.ch\/fr\/intermediaries\/"]}]},{"@type":"ImageObject","inLanguage":"fr-FR","@id":"https:\/\/www.sandp.ch\/fr\/intermediaries\/#primaryimage","url":"https:\/\/www.sandp.ch\/wp-content\/uploads\/2022\/07\/Logo-1024x1024-1.jpg","contentUrl":"https:\/\/www.sandp.ch\/wp-content\/uploads\/2022\/07\/Logo-1024x1024-1.jpg","width":1024,"height":1024},{"@type":"BreadcrumbList","@id":"https:\/\/www.sandp.ch\/fr\/intermediaries\/#breadcrumb","itemListElement":[{"@type":"ListItem","position":1,"name":"Home","item":"https:\/\/www.sandp.ch\/fr\/"},{"@type":"ListItem","position":2,"name":"Intermediaries"}]},{"@type":"WebSite","@id":"https:\/\/www.sandp.ch\/#website","url":"https:\/\/www.sandp.ch\/","name":"Schmid &amp; Partners Management Services Ltd.","description":"","publisher":{"@id":"https:\/\/www.sandp.ch\/#organization"},"inLanguage":"fr-FR"},{"@type":"Organization","@id":"https:\/\/www.sandp.ch\/#organization","name":"Schmid & Partner","url":"https:\/\/www.sandp.ch\/","logo":{"@type":"ImageObject","inLanguage":"fr-FR","@id":"https:\/\/www.sandp.ch\/#\/schema\/logo\/image\/","url":"https:\/\/sandp.ch\/wp-content\/uploads\/2022\/06\/cropped-Siteicon-1.png","contentUrl":"https:\/\/sandp.ch\/wp-content\/uploads\/2022\/06\/cropped-Siteicon-1.png","width":512,"height":512,"caption":"Schmid & Partner"},"image":{"@id":"https:\/\/www.sandp.ch\/#\/schema\/logo\/image\/"}}]}},"_links":{"self":[{"href":"https:\/\/www.sandp.ch\/fr\/wp-json\/wp\/v2\/pages\/35085"}],"collection":[{"href":"https:\/\/www.sandp.ch\/fr\/wp-json\/wp\/v2\/pages"}],"about":[{"href":"https:\/\/www.sandp.ch\/fr\/wp-json\/wp\/v2\/types\/page"}],"author":[{"embeddable":true,"href":"https:\/\/www.sandp.ch\/fr\/wp-json\/wp\/v2\/users\/2"}],"replies":[{"embeddable":true,"href":"https:\/\/www.sandp.ch\/fr\/wp-json\/wp\/v2\/comments?post=35085"}],"version-history":[{"count":29,"href":"https:\/\/www.sandp.ch\/fr\/wp-json\/wp\/v2\/pages\/35085\/revisions"}],"predecessor-version":[{"id":37907,"href":"https:\/\/www.sandp.ch\/fr\/wp-json\/wp\/v2\/pages\/35085\/revisions\/37907"}],"wp:featuredmedia":[{"embeddable":true,"href":"https:\/\/www.sandp.ch\/fr\/wp-json\/wp\/v2\/media\/34965"}],"wp:attachment":[{"href":"https:\/\/www.sandp.ch\/fr\/wp-json\/wp\/v2\/media?parent=35085"}],"curies":[{"name":"wp","href":"https:\/\/api.w.org\/{rel}","templated":true}]}}