{"id":35076,"date":"2020-10-14T14:16:35","date_gmt":"2020-10-14T12:16:35","guid":{"rendered":"https:\/\/sandp.ch\/contactez-nous\/"},"modified":"2024-07-18T11:04:26","modified_gmt":"2024-07-18T09:04:26","slug":"contact","status":"publish","type":"page","link":"https:\/\/www.sandp.ch\/fr\/contact\/","title":{"rendered":"Contact us"},"content":{"rendered":"\t\t<div data-elementor-type=\"wp-page\" data-elementor-id=\"35076\" class=\"elementor elementor-35076 elementor-28857\" data-elementor-post-type=\"page\">\n\t\t\t\t\t\t<section data-dce-background-overlay-color=\"#112457\" data-dce-background-image-url=\"https:\/\/www.sandp.ch\/wp-content\/uploads\/2024\/07\/8.jpg\" class=\"elementor-section elementor-top-section elementor-element elementor-element-6bbfb22 elementor-section-height-min-height elementor-section-items-stretch elementor-hidden-tablet elementor-hidden-mobile elementor-section-boxed elementor-section-height-default\" data-id=\"6bbfb22\" data-element_type=\"section\" id=\"sec1\" data-settings=\"{&quot;background_background&quot;:&quot;classic&quot;,&quot;_ha_eqh_enable&quot;:false}\">\n\t\t\t\t\t\t\t<div class=\"elementor-background-overlay\"><\/div>\n\t\t\t\t\t\t\t<div class=\"elementor-container elementor-column-gap-default\">\n\t\t\t\t\t<div class=\"elementor-column elementor-col-100 elementor-top-column elementor-element elementor-element-1bbe9b2\" data-id=\"1bbe9b2\" data-element_type=\"column\">\n\t\t\t<div class=\"elementor-widget-wrap elementor-element-populated\">\n\t\t\t\t\t\t<div class=\"elementor-element elementor-element-6575c22 elementor-widget elementor-widget-heading\" data-id=\"6575c22\" data-element_type=\"widget\" data-widget_type=\"heading.default\">\n\t\t\t\t<div class=\"elementor-widget-container\">\n\t\t\t<h2 class=\"elementor-heading-title elementor-size-default\">Prendre <span style=\"font-weight: 600;\">contact<\/span>\n<\/h2>\t\t<\/div>\n\t\t\t\t<\/div>\n\t\t\t\t\t<\/div>\n\t\t<\/div>\n\t\t\t\t\t<\/div>\n\t\t<\/section>\n\t\t\t\t<section data-dce-background-overlay-color=\"#112457\" data-dce-background-image-url=\"https:\/\/www.sandp.ch\/wp-content\/uploads\/2024\/07\/8.jpg\" class=\"elementor-section elementor-top-section elementor-element elementor-element-04dc15c elementor-section-height-min-height elementor-section-items-stretch elementor-hidden-desktop elementor-section-boxed elementor-section-height-default\" data-id=\"04dc15c\" data-element_type=\"section\" data-settings=\"{&quot;background_background&quot;:&quot;classic&quot;,&quot;_ha_eqh_enable&quot;:false}\">\n\t\t\t\t\t\t\t<div class=\"elementor-background-overlay\"><\/div>\n\t\t\t\t\t\t\t<div class=\"elementor-container elementor-column-gap-default\">\n\t\t\t\t\t<div class=\"elementor-column elementor-col-100 elementor-top-column elementor-element elementor-element-6f40a50\" data-id=\"6f40a50\" data-element_type=\"column\">\n\t\t\t<div class=\"elementor-widget-wrap elementor-element-populated\">\n\t\t\t\t\t\t<div class=\"elementor-element elementor-element-103420f elementor-widget elementor-widget-heading\" data-id=\"103420f\" data-element_type=\"widget\" data-widget_type=\"heading.default\">\n\t\t\t\t<div class=\"elementor-widget-container\">\n\t\t\t<h2 class=\"elementor-heading-title elementor-size-default\">Prendre <span style=\"font-weight: 600;\"> contact<\/span>\n<\/h2>\t\t<\/div>\n\t\t\t\t<\/div>\n\t\t\t\t\t<\/div>\n\t\t<\/div>\n\t\t\t\t\t<\/div>\n\t\t<\/section>\n\t\t\t\t<section class=\"elementor-section elementor-top-section elementor-element elementor-element-86fb8a7 elementor-section-boxed elementor-section-height-default elementor-section-height-default\" data-id=\"86fb8a7\" data-element_type=\"section\" data-settings=\"{&quot;_ha_eqh_enable&quot;:false}\">\n\t\t\t\t\t\t<div class=\"elementor-container elementor-column-gap-default\">\n\t\t\t\t\t<div class=\"elementor-column elementor-col-50 elementor-top-column elementor-element elementor-element-02f5d89\" data-id=\"02f5d89\" data-element_type=\"column\">\n\t\t\t<div class=\"elementor-widget-wrap elementor-element-populated\">\n\t\t\t\t\t\t<div class=\"elementor-element elementor-element-707351e elementor-widget elementor-widget-heading\" data-id=\"707351e\" data-element_type=\"widget\" data-widget_type=\"heading.default\">\n\t\t\t\t<div class=\"elementor-widget-container\">\n\t\t\t<h2 class=\"elementor-heading-title elementor-size-default\">Schmid & Partenaires Management Services SA<\/h2>\t\t<\/div>\n\t\t\t\t<\/div>\n\t\t\t\t<div class=\"elementor-element elementor-element-f50f9f0 elementor-widget elementor-widget-heading\" data-id=\"f50f9f0\" data-element_type=\"widget\" data-widget_type=\"heading.default\">\n\t\t\t\t<div class=\"elementor-widget-container\">\n\t\t\t<h2 class=\"elementor-heading-title elementor-size-default\">Nous nous<span style=\"font-weight: 600;\"> occupons<\/span> de vos finances de la meilleure fa\u00e7on possible<\/h2>\t\t<\/div>\n\t\t\t\t<\/div>\n\t\t\t\t<div class=\"elementor-element elementor-element-07e173b elementor-widget elementor-widget-text-editor\" data-id=\"07e173b\" data-element_type=\"widget\" data-widget_type=\"text-editor.default\">\n\t\t\t\t<div class=\"elementor-widget-container\">\n\t\t\t\t\t\t\tFaites-nous savoir ce que nous pouvons faire pour vous. Il suffit de nous contacter par t\u00e9l\u00e9phone ou directement via le formulaire de contact. \t\t\t\t\t\t<\/div>\n\t\t\t\t<\/div>\n\t\t\t\t<div class=\"elementor-element elementor-element-0547ca6 elementor-widget elementor-widget-text-editor\" data-id=\"0547ca6\" data-element_type=\"widget\" data-widget_type=\"text-editor.default\">\n\t\t\t\t<div class=\"elementor-widget-container\">\n\t\t\t\t\t\t\t<p>Schmid &amp; Partners<br \/>Management Services SA<br \/>Rue des Fl\u00e9ch\u00e8res 7A<br \/>1274 Signy<\/p>\t\t\t\t\t\t<\/div>\n\t\t\t\t<\/div>\n\t\t\t\t<div class=\"elementor-element elementor-element-8c09f1f elementor-list-item-link-inline elementor-icon-list--layout-traditional elementor-widget elementor-widget-icon-list\" data-id=\"8c09f1f\" data-element_type=\"widget\" data-widget_type=\"icon-list.default\">\n\t\t\t\t<div class=\"elementor-widget-container\">\n\t\t\t\t\t<ul class=\"elementor-icon-list-items\">\n\t\t\t\t\t\t\t<li class=\"elementor-icon-list-item\">\n\t\t\t\t\t\t\t\t\t\t\t<a href=\"tel:0218050303\">\n\n\t\t\t\t\t\t\t\t\t\t\t<span class=\"elementor-icon-list-text\">+41 21 805 03 03<\/span>\n\t\t\t\t\t\t\t\t\t\t\t<\/a>\n\t\t\t\t\t\t\t\t\t<\/li>\n\t\t\t\t\t\t<\/ul>\n\t\t\t\t<\/div>\n\t\t\t\t<\/div>\n\t\t\t\t\t<\/div>\n\t\t<\/div>\n\t\t\t\t<div class=\"elementor-column elementor-col-50 elementor-top-column elementor-element elementor-element-5a47357\" data-id=\"5a47357\" data-element_type=\"column\">\n\t\t\t<div class=\"elementor-widget-wrap elementor-element-populated\">\n\t\t\t\t\t\t<div class=\"elementor-element elementor-element-ddc9825 eael-wpforms-labels-yes eael-wpforms-form-button-custom elementor-widget elementor-widget-eael-wpforms\" data-id=\"ddc9825\" data-element_type=\"widget\" data-widget_type=\"eael-wpforms.default\">\n\t\t\t\t<div class=\"elementor-widget-container\">\n\t\t\t            <div class=\"eael-contact-form eael-wpforms eael-contact-form-align-default\">\n                                <div class=\"wpforms-container wpforms-container-full\" id=\"wpforms-36742\"><form id=\"wpforms-form-36742\" class=\"wpforms-validate wpforms-form wpforms-ajax-form\" data-formid=\"36742\" method=\"post\" enctype=\"multipart\/form-data\" action=\"\/fr\/wp-json\/wp\/v2\/pages\/35076\" data-token=\"48a3ade06a8f59299a5533beea409d87\" data-token-time=\"1777474941\"><div class=\"wpforms-head-container\"><\/div><noscript class=\"wpforms-error-noscript\">Veuillez activer JavaScript dans votre navigateur pour remplir ce formulaire.<\/noscript><div class=\"wpforms-field-container\"><div id=\"wpforms-36742-field_0-container\" class=\"wpforms-field wpforms-field-name\" data-field-id=\"0\"><label class=\"wpforms-field-label wpforms-label-hide\" for=\"wpforms-36742-field_0\">Nom<\/label><input type=\"text\" id=\"wpforms-36742-field_0\" class=\"wpforms-field-medium\" name=\"wpforms[fields][0]\" placeholder=\"Nom\" ><\/div><div id=\"wpforms-36742-field_7-container\" class=\"wpforms-field wpforms-field-name\" data-field-id=\"7\"><label class=\"wpforms-field-label wpforms-label-hide\" for=\"wpforms-36742-field_7\">Pr\u00e9nom<\/label><input type=\"text\" id=\"wpforms-36742-field_7\" class=\"wpforms-field-medium\" name=\"wpforms[fields][7]\" placeholder=\"Pr\u00e9nom\" ><\/div><div id=\"wpforms-36742-field_4-container\" class=\"wpforms-field wpforms-field-phone\" data-field-id=\"4\"><label class=\"wpforms-field-label wpforms-label-hide\" for=\"wpforms-36742-field_4\">T\u00e9l\u00e9phone<\/label><input type=\"tel\" id=\"wpforms-36742-field_4\" class=\"wpforms-field-medium\" data-rule-int-phone-field=\"true\" name=\"wpforms[fields][4]\" placeholder=\"T\u00e9l\u00e9phone\" ><\/div><div id=\"wpforms-36742-field_1-container\" class=\"wpforms-field wpforms-field-email\" data-field-id=\"1\"><label class=\"wpforms-field-label wpforms-label-hide\" for=\"wpforms-36742-field_1\">E-mail<\/label><input type=\"email\" id=\"wpforms-36742-field_1\" class=\"wpforms-field-medium\" data-rule-restricted-email=\"1\" name=\"wpforms[fields][1]\" placeholder=\"E-mail\" spellcheck=\"false\" ><\/div><div id=\"wpforms-36742-field_2-container\" class=\"wpforms-field wpforms-field-textarea\" data-field-id=\"2\"><label class=\"wpforms-field-label wpforms-label-hide\" for=\"wpforms-36742-field_2\">Message<\/label><textarea id=\"wpforms-36742-field_2\" class=\"wpforms-field-medium\" name=\"wpforms[fields][2]\" placeholder=\"Message\" ><\/textarea><\/div><\/div><!-- .wpforms-field-container --><div class=\"wpforms-recaptcha-container wpforms-is-recaptcha wpforms-is-recaptcha-type-v2\" ><div class=\"g-recaptcha\" data-sitekey=\"6LdhVKUhAAAAAF03ZH_XDjbtb2X9Epz6I8jEw3U-\"><\/div><input type=\"text\" name=\"g-recaptcha-hidden\" class=\"wpforms-recaptcha-hidden\" style=\"position:absolute!important;clip:rect(0,0,0,0)!important;height:1px!important;width:1px!important;border:0!important;overflow:hidden!important;padding:0!important;margin:0!important;\" data-rule-recaptcha=\"1\"><\/div><div class=\"wpforms-submit-container\" ><input type=\"hidden\" name=\"wpforms[id]\" value=\"36742\"><input type=\"hidden\" name=\"page_title\" value=\"\"><input type=\"hidden\" name=\"page_url\" value=\"https:\/\/www.sandp.ch\/fr\/wp-json\/wp\/v2\/pages\/35076\"><button type=\"submit\" name=\"wpforms[submit]\" id=\"wpforms-submit-36742\" class=\"wpforms-submit\" data-alt-text=\"Envoyer...\" data-submit-text=\"Envoyer\" aria-live=\"assertive\" value=\"wpforms-submit\">Envoyer<\/button><img decoding=\"async\" src=\"https:\/\/www.sandp.ch\/wp-content\/plugins\/wpforms\/assets\/images\/submit-spin.svg\" class=\"wpforms-submit-spinner\" style=\"display: none;\" width=\"26\" height=\"26\" alt=\"Chargement en cours\"><\/div><\/form><\/div>  <!-- .wpforms-container -->            <\/div>\n\t\t<\/div>\n\t\t\t\t<\/div>\n\t\t\t\t\t<\/div>\n\t\t<\/div>\n\t\t\t\t\t<\/div>\n\t\t<\/section>\n\t\t\t\t<section class=\"elementor-section elementor-top-section elementor-element elementor-element-1f7f91e elementor-section-full_width elementor-section-height-default elementor-section-height-default\" data-id=\"1f7f91e\" data-element_type=\"section\" data-settings=\"{&quot;_ha_eqh_enable&quot;:false}\">\n\t\t\t\t\t\t<div class=\"elementor-container elementor-column-gap-default\">\n\t\t\t\t\t<div class=\"elementor-column elementor-col-100 elementor-top-column elementor-element elementor-element-1cc5caa\" data-id=\"1cc5caa\" data-element_type=\"column\">\n\t\t\t<div class=\"elementor-widget-wrap elementor-element-populated\">\n\t\t\t\t\t\t<div class=\"elementor-element elementor-element-444c0e8 elementor-widget elementor-widget-html\" data-id=\"444c0e8\" data-element_type=\"widget\" data-widget_type=\"html.default\">\n\t\t\t\t<div class=\"elementor-widget-container\">\n\t\t\t<iframe src=\"https:\/\/snazzymaps.com\/embed\/414538\" width=\"100%\" height=\"600px\" style=\"border:none;\"><\/iframe>\t\t<\/div>\n\t\t\t\t<\/div>\n\t\t\t\t\t<\/div>\n\t\t<\/div>\n\t\t\t\t\t<\/div>\n\t\t<\/section>\n\t\t\t\t<\/div>\n\t\t","protected":false},"excerpt":{"rendered":"<p>Prendre contact Prendre contact Schmid &#038; Partenaires Management Services SA Nous nous occupons de vos finances de la meilleure fa\u00e7on possible Faites-nous savoir ce que nous pouvons faire pour vous. Il suffit de nous contacter par t\u00e9l\u00e9phone ou directement via le formulaire de contact. Schmid &amp; PartnersManagement Services SARue des Fl\u00e9ch\u00e8res 7A1274 Signy +41 21 [&hellip;]<\/p>\n","protected":false},"author":2,"featured_media":34965,"parent":0,"menu_order":12,"comment_status":"closed","ping_status":"closed","template":"elementor_header_footer","meta":{"footnotes":""},"class_list":["post-35076","page","type-page","status-publish","has-post-thumbnail","hentry"],"yoast_head":"<!-- This site is optimized with the Yoast SEO plugin v23.1 - https:\/\/yoast.com\/wordpress\/plugins\/seo\/ -->\n<title>Contact us - Schmid &amp; Partners Management Services Ltd.<\/title>\n<meta name=\"description\" content=\"Faites-nous savoir ce que nous pouvons faire pour vous. Contactez Schmid &amp; Partners par t\u00e9l\u00e9phone ou directement via le formulaire de contact.\" \/>\n<meta name=\"robots\" content=\"index, follow, max-snippet:-1, max-image-preview:large, max-video-preview:-1\" \/>\n<link rel=\"canonical\" href=\"https:\/\/www.sandp.ch\/fr\/contact\/\" \/>\n<meta property=\"og:locale\" content=\"fr_FR\" \/>\n<meta property=\"og:type\" content=\"article\" \/>\n<meta property=\"og:title\" content=\"Contact us - Schmid &amp; Partners Management Services Ltd.\" \/>\n<meta property=\"og:description\" content=\"Faites-nous savoir ce que nous pouvons faire pour vous. Contactez Schmid &amp; Partners par t\u00e9l\u00e9phone ou directement via le formulaire de contact.\" \/>\n<meta property=\"og:url\" content=\"https:\/\/www.sandp.ch\/fr\/contact\/\" \/>\n<meta property=\"og:site_name\" content=\"Schmid &amp; Partners Management Services Ltd.\" \/>\n<meta property=\"article:modified_time\" content=\"2024-07-18T09:04:26+00:00\" \/>\n<meta property=\"og:image\" content=\"https:\/\/www.sandp.ch\/wp-content\/uploads\/2022\/07\/Logo-1024x1024-1.jpg\" \/>\n\t<meta property=\"og:image:width\" content=\"1024\" \/>\n\t<meta property=\"og:image:height\" content=\"1024\" \/>\n\t<meta property=\"og:image:type\" content=\"image\/jpeg\" \/>\n<meta name=\"twitter:card\" content=\"summary_large_image\" \/>\n<script type=\"application\/ld+json\" class=\"yoast-schema-graph\">{\"@context\":\"https:\/\/schema.org\",\"@graph\":[{\"@type\":\"WebPage\",\"@id\":\"https:\/\/www.sandp.ch\/fr\/contact\/\",\"url\":\"https:\/\/www.sandp.ch\/fr\/contact\/\",\"name\":\"Contact us - Schmid &amp; Partners Management Services Ltd.\",\"isPartOf\":{\"@id\":\"https:\/\/www.sandp.ch\/#website\"},\"primaryImageOfPage\":{\"@id\":\"https:\/\/www.sandp.ch\/fr\/contact\/#primaryimage\"},\"image\":{\"@id\":\"https:\/\/www.sandp.ch\/fr\/contact\/#primaryimage\"},\"thumbnailUrl\":\"https:\/\/www.sandp.ch\/wp-content\/uploads\/2022\/07\/Logo-1024x1024-1.jpg\",\"datePublished\":\"2020-10-14T12:16:35+00:00\",\"dateModified\":\"2024-07-18T09:04:26+00:00\",\"description\":\"Faites-nous savoir ce que nous pouvons faire pour vous. Contactez Schmid & Partners par t\u00e9l\u00e9phone ou directement via le formulaire de contact.\",\"breadcrumb\":{\"@id\":\"https:\/\/www.sandp.ch\/fr\/contact\/#breadcrumb\"},\"inLanguage\":\"fr-FR\",\"potentialAction\":[{\"@type\":\"ReadAction\",\"target\":[\"https:\/\/www.sandp.ch\/fr\/contact\/\"]}]},{\"@type\":\"ImageObject\",\"inLanguage\":\"fr-FR\",\"@id\":\"https:\/\/www.sandp.ch\/fr\/contact\/#primaryimage\",\"url\":\"https:\/\/www.sandp.ch\/wp-content\/uploads\/2022\/07\/Logo-1024x1024-1.jpg\",\"contentUrl\":\"https:\/\/www.sandp.ch\/wp-content\/uploads\/2022\/07\/Logo-1024x1024-1.jpg\",\"width\":1024,\"height\":1024},{\"@type\":\"BreadcrumbList\",\"@id\":\"https:\/\/www.sandp.ch\/fr\/contact\/#breadcrumb\",\"itemListElement\":[{\"@type\":\"ListItem\",\"position\":1,\"name\":\"Home\",\"item\":\"https:\/\/www.sandp.ch\/fr\/\"},{\"@type\":\"ListItem\",\"position\":2,\"name\":\"Contact us\"}]},{\"@type\":\"WebSite\",\"@id\":\"https:\/\/www.sandp.ch\/#website\",\"url\":\"https:\/\/www.sandp.ch\/\",\"name\":\"Schmid &amp; Partners Management Services Ltd.\",\"description\":\"\",\"publisher\":{\"@id\":\"https:\/\/www.sandp.ch\/#organization\"},\"inLanguage\":\"fr-FR\"},{\"@type\":\"Organization\",\"@id\":\"https:\/\/www.sandp.ch\/#organization\",\"name\":\"Schmid & Partner\",\"url\":\"https:\/\/www.sandp.ch\/\",\"logo\":{\"@type\":\"ImageObject\",\"inLanguage\":\"fr-FR\",\"@id\":\"https:\/\/www.sandp.ch\/#\/schema\/logo\/image\/\",\"url\":\"https:\/\/sandp.ch\/wp-content\/uploads\/2022\/06\/cropped-Siteicon-1.png\",\"contentUrl\":\"https:\/\/sandp.ch\/wp-content\/uploads\/2022\/06\/cropped-Siteicon-1.png\",\"width\":512,\"height\":512,\"caption\":\"Schmid & Partner\"},\"image\":{\"@id\":\"https:\/\/www.sandp.ch\/#\/schema\/logo\/image\/\"}}]}<\/script>\n<!-- \/ Yoast SEO plugin. -->","yoast_head_json":{"title":"Contact us - Schmid &amp; Partners Management Services Ltd.","description":"Faites-nous savoir ce que nous pouvons faire pour vous. Contactez Schmid & Partners par t\u00e9l\u00e9phone ou directement via le formulaire de contact.","robots":{"index":"index","follow":"follow","max-snippet":"max-snippet:-1","max-image-preview":"max-image-preview:large","max-video-preview":"max-video-preview:-1"},"canonical":"https:\/\/www.sandp.ch\/fr\/contact\/","og_locale":"fr_FR","og_type":"article","og_title":"Contact us - Schmid &amp; Partners Management Services Ltd.","og_description":"Faites-nous savoir ce que nous pouvons faire pour vous. Contactez Schmid & Partners par t\u00e9l\u00e9phone ou directement via le formulaire de contact.","og_url":"https:\/\/www.sandp.ch\/fr\/contact\/","og_site_name":"Schmid &amp; Partners Management Services Ltd.","article_modified_time":"2024-07-18T09:04:26+00:00","og_image":[{"width":1024,"height":1024,"url":"https:\/\/www.sandp.ch\/wp-content\/uploads\/2022\/07\/Logo-1024x1024-1.jpg","type":"image\/jpeg"}],"twitter_card":"summary_large_image","schema":{"@context":"https:\/\/schema.org","@graph":[{"@type":"WebPage","@id":"https:\/\/www.sandp.ch\/fr\/contact\/","url":"https:\/\/www.sandp.ch\/fr\/contact\/","name":"Contact us - Schmid &amp; Partners Management Services Ltd.","isPartOf":{"@id":"https:\/\/www.sandp.ch\/#website"},"primaryImageOfPage":{"@id":"https:\/\/www.sandp.ch\/fr\/contact\/#primaryimage"},"image":{"@id":"https:\/\/www.sandp.ch\/fr\/contact\/#primaryimage"},"thumbnailUrl":"https:\/\/www.sandp.ch\/wp-content\/uploads\/2022\/07\/Logo-1024x1024-1.jpg","datePublished":"2020-10-14T12:16:35+00:00","dateModified":"2024-07-18T09:04:26+00:00","description":"Faites-nous savoir ce que nous pouvons faire pour vous. Contactez Schmid & Partners par t\u00e9l\u00e9phone ou directement via le formulaire de contact.","breadcrumb":{"@id":"https:\/\/www.sandp.ch\/fr\/contact\/#breadcrumb"},"inLanguage":"fr-FR","potentialAction":[{"@type":"ReadAction","target":["https:\/\/www.sandp.ch\/fr\/contact\/"]}]},{"@type":"ImageObject","inLanguage":"fr-FR","@id":"https:\/\/www.sandp.ch\/fr\/contact\/#primaryimage","url":"https:\/\/www.sandp.ch\/wp-content\/uploads\/2022\/07\/Logo-1024x1024-1.jpg","contentUrl":"https:\/\/www.sandp.ch\/wp-content\/uploads\/2022\/07\/Logo-1024x1024-1.jpg","width":1024,"height":1024},{"@type":"BreadcrumbList","@id":"https:\/\/www.sandp.ch\/fr\/contact\/#breadcrumb","itemListElement":[{"@type":"ListItem","position":1,"name":"Home","item":"https:\/\/www.sandp.ch\/fr\/"},{"@type":"ListItem","position":2,"name":"Contact us"}]},{"@type":"WebSite","@id":"https:\/\/www.sandp.ch\/#website","url":"https:\/\/www.sandp.ch\/","name":"Schmid &amp; Partners Management Services Ltd.","description":"","publisher":{"@id":"https:\/\/www.sandp.ch\/#organization"},"inLanguage":"fr-FR"},{"@type":"Organization","@id":"https:\/\/www.sandp.ch\/#organization","name":"Schmid & Partner","url":"https:\/\/www.sandp.ch\/","logo":{"@type":"ImageObject","inLanguage":"fr-FR","@id":"https:\/\/www.sandp.ch\/#\/schema\/logo\/image\/","url":"https:\/\/sandp.ch\/wp-content\/uploads\/2022\/06\/cropped-Siteicon-1.png","contentUrl":"https:\/\/sandp.ch\/wp-content\/uploads\/2022\/06\/cropped-Siteicon-1.png","width":512,"height":512,"caption":"Schmid & Partner"},"image":{"@id":"https:\/\/www.sandp.ch\/#\/schema\/logo\/image\/"}}]}},"_links":{"self":[{"href":"https:\/\/www.sandp.ch\/fr\/wp-json\/wp\/v2\/pages\/35076"}],"collection":[{"href":"https:\/\/www.sandp.ch\/fr\/wp-json\/wp\/v2\/pages"}],"about":[{"href":"https:\/\/www.sandp.ch\/fr\/wp-json\/wp\/v2\/types\/page"}],"author":[{"embeddable":true,"href":"https:\/\/www.sandp.ch\/fr\/wp-json\/wp\/v2\/users\/2"}],"replies":[{"embeddable":true,"href":"https:\/\/www.sandp.ch\/fr\/wp-json\/wp\/v2\/comments?post=35076"}],"version-history":[{"count":158,"href":"https:\/\/www.sandp.ch\/fr\/wp-json\/wp\/v2\/pages\/35076\/revisions"}],"predecessor-version":[{"id":37954,"href":"https:\/\/www.sandp.ch\/fr\/wp-json\/wp\/v2\/pages\/35076\/revisions\/37954"}],"wp:featuredmedia":[{"embeddable":true,"href":"https:\/\/www.sandp.ch\/fr\/wp-json\/wp\/v2\/media\/34965"}],"wp:attachment":[{"href":"https:\/\/www.sandp.ch\/fr\/wp-json\/wp\/v2\/media?parent=35076"}],"curies":[{"name":"wp","href":"https:\/\/api.w.org\/{rel}","templated":true}]}}