{"id":35091,"date":"2022-06-22T20:35:21","date_gmt":"2022-06-22T18:35:21","guid":{"rendered":"https:\/\/sandp.ch\/karriere\/"},"modified":"2024-07-17T15:35:36","modified_gmt":"2024-07-17T13:35:36","slug":"careers","status":"publish","type":"page","link":"https:\/\/www.sandp.ch\/de\/careers\/","title":{"rendered":"Careers"},"content":{"rendered":"\t\t<div data-elementor-type=\"wp-page\" data-elementor-id=\"35091\" class=\"elementor elementor-35091 elementor-28959\" data-elementor-post-type=\"page\">\n\t\t\t\t\t\t<section data-dce-background-overlay-color=\"#112457\" data-dce-background-image-url=\"https:\/\/www.sandp.ch\/wp-content\/uploads\/2022\/06\/11-1.jpg\" class=\"elementor-section elementor-top-section elementor-element elementor-element-ae35dde elementor-section-height-min-height elementor-section-items-stretch elementor-hidden-tablet elementor-hidden-mobile elementor-section-boxed elementor-section-height-default\" data-id=\"ae35dde\" data-element_type=\"section\" id=\"sec1\" data-settings=\"{&quot;background_background&quot;:&quot;classic&quot;,&quot;_ha_eqh_enable&quot;:false}\">\n\t\t\t\t\t\t\t<div class=\"elementor-background-overlay\"><\/div>\n\t\t\t\t\t\t\t<div class=\"elementor-container elementor-column-gap-default\">\n\t\t\t\t\t<div class=\"elementor-column elementor-col-100 elementor-top-column elementor-element elementor-element-db1fa60\" data-id=\"db1fa60\" data-element_type=\"column\">\n\t\t\t<div class=\"elementor-widget-wrap elementor-element-populated\">\n\t\t\t\t\t\t<div class=\"elementor-element elementor-element-1ad7f4d elementor-widget elementor-widget-heading\" data-id=\"1ad7f4d\" data-element_type=\"widget\" data-widget_type=\"heading.default\">\n\t\t\t\t<div class=\"elementor-widget-container\">\n\t\t\t<h2 class=\"elementor-heading-title elementor-size-default\"><span style=\"font-weight: 600;\"> Arbeiten <\/span>bei Schmid & Partner Management Services AG<\/h2>\t\t<\/div>\n\t\t\t\t<\/div>\n\t\t\t\t\t<\/div>\n\t\t<\/div>\n\t\t\t\t\t<\/div>\n\t\t<\/section>\n\t\t\t\t<section data-dce-background-overlay-color=\"#112457\" data-dce-background-image-url=\"https:\/\/www.sandp.ch\/wp-content\/uploads\/2022\/06\/11-1.jpg\" class=\"elementor-section elementor-top-section elementor-element elementor-element-2502348 elementor-section-height-min-height elementor-section-items-stretch elementor-hidden-desktop elementor-section-boxed elementor-section-height-default\" data-id=\"2502348\" data-element_type=\"section\" data-settings=\"{&quot;background_background&quot;:&quot;classic&quot;,&quot;_ha_eqh_enable&quot;:false}\">\n\t\t\t\t\t\t\t<div class=\"elementor-background-overlay\"><\/div>\n\t\t\t\t\t\t\t<div class=\"elementor-container elementor-column-gap-default\">\n\t\t\t\t\t<div class=\"elementor-column elementor-col-100 elementor-top-column elementor-element elementor-element-ff11f6a\" data-id=\"ff11f6a\" data-element_type=\"column\">\n\t\t\t<div class=\"elementor-widget-wrap elementor-element-populated\">\n\t\t\t\t\t\t<div class=\"elementor-element elementor-element-779fef5 elementor-widget elementor-widget-heading\" data-id=\"779fef5\" data-element_type=\"widget\" data-widget_type=\"heading.default\">\n\t\t\t\t<div class=\"elementor-widget-container\">\n\t\t\t<h2 class=\"elementor-heading-title elementor-size-default\"><span style=\"font-weight: 600;\"> Arbeiten<\/span> bei Schmid & Partner Management Services AG<\/h2>\t\t<\/div>\n\t\t\t\t<\/div>\n\t\t\t\t\t<\/div>\n\t\t<\/div>\n\t\t\t\t\t<\/div>\n\t\t<\/section>\n\t\t\t\t<section class=\"elementor-section elementor-top-section elementor-element elementor-element-12867dc elementor-section-boxed elementor-section-height-default elementor-section-height-default\" data-id=\"12867dc\" data-element_type=\"section\" data-settings=\"{&quot;_ha_eqh_enable&quot;:false}\">\n\t\t\t\t\t\t<div class=\"elementor-container elementor-column-gap-default\">\n\t\t\t\t\t<div class=\"elementor-column elementor-col-50 elementor-top-column elementor-element elementor-element-c7a215a\" data-id=\"c7a215a\" data-element_type=\"column\">\n\t\t\t<div class=\"elementor-widget-wrap elementor-element-populated\">\n\t\t\t\t\t\t<div class=\"elementor-element elementor-element-5ceeaf1 elementor-widget elementor-widget-heading\" data-id=\"5ceeaf1\" data-element_type=\"widget\" data-widget_type=\"heading.default\">\n\t\t\t\t<div class=\"elementor-widget-container\">\n\t\t\t<h2 class=\"elementor-heading-title elementor-size-default\">Karriere<\/h2>\t\t<\/div>\n\t\t\t\t<\/div>\n\t\t\t\t<div class=\"elementor-element elementor-element-b332d65 elementor-widget elementor-widget-heading\" data-id=\"b332d65\" data-element_type=\"widget\" data-widget_type=\"heading.default\">\n\t\t\t\t<div class=\"elementor-widget-container\">\n\t\t\t<h2 class=\"elementor-heading-title elementor-size-default\">Neue Wege <span style=\"font-weight: 600;\"> einschlagen<span style=\"font-weight: 600;\"> <\/span>\n<\/h2>\t\t<\/div>\n\t\t\t\t<\/div>\n\t\t\t\t<div class=\"elementor-element elementor-element-bfdb38a elementor-widget elementor-widget-text-editor\" data-id=\"bfdb38a\" data-element_type=\"widget\" data-widget_type=\"text-editor.default\">\n\t\t\t\t<div class=\"elementor-widget-container\">\n\t\t\t\t\t\t\tWir glauben an die Kraft vom Investieren und stabilen langfristigen Beziehungen. \t\t\t\t\t\t<\/div>\n\t\t\t\t<\/div>\n\t\t\t\t<div class=\"elementor-element elementor-element-16bf323 elementor-widget elementor-widget-text-editor\" data-id=\"16bf323\" data-element_type=\"widget\" data-widget_type=\"text-editor.default\">\n\t\t\t\t<div class=\"elementor-widget-container\">\n\t\t\t\t\t\t\tInteressieren Sie sich f\u00fcr eine T\u00e4tigkeit bei Schmid &amp; Partner Management Services AG? Pr\u00fcfen Sie, ob es eine offene Stelle gibt, die Sie interessiert! Wir freuen uns darauf, Sie kennenzulernen. \t\t\t\t\t\t<\/div>\n\t\t\t\t<\/div>\n\t\t\t\t<div class=\"elementor-element elementor-element-b03f50c eael-wpforms-labels-yes eael-wpforms-form-button-custom elementor-widget elementor-widget-eael-wpforms\" data-id=\"b03f50c\" data-element_type=\"widget\" data-widget_type=\"eael-wpforms.default\">\n\t\t\t\t<div class=\"elementor-widget-container\">\n\t\t\t            <div class=\"eael-contact-form eael-wpforms eael-contact-form-align-default\">\n                                <div class=\"wpforms-container wpforms-container-full\" id=\"wpforms-36568\"><form id=\"wpforms-form-36568\" class=\"wpforms-validate wpforms-form wpforms-ajax-form\" data-formid=\"36568\" method=\"post\" enctype=\"multipart\/form-data\" action=\"\/de\/wp-json\/wp\/v2\/pages\/35091\" data-token=\"29fb7d582d8233701bdb1bc58ed14956\" data-token-time=\"1777474378\"><div class=\"wpforms-head-container\"><\/div><noscript class=\"wpforms-error-noscript\">Bitte aktiviere JavaScript in deinem Browser, um dieses Formular fertigzustellen.<\/noscript><div class=\"wpforms-field-container\"><div id=\"wpforms-36568-field_0-container\" class=\"wpforms-field wpforms-field-name wpforms-one-half wpforms-first\" data-field-id=\"0\"><label class=\"wpforms-field-label wpforms-label-hide\" for=\"wpforms-36568-field_0\">Name<\/label><input type=\"text\" id=\"wpforms-36568-field_0\" class=\"wpforms-field-medium\" name=\"wpforms[fields][0]\" placeholder=\"Name\" ><\/div><div id=\"wpforms-36568-field_5-container\" class=\"wpforms-field wpforms-field-name wpforms-one-half\" data-field-id=\"5\"><label class=\"wpforms-field-label wpforms-label-hide\" for=\"wpforms-36568-field_5\">Nachname<\/label><input type=\"text\" id=\"wpforms-36568-field_5\" class=\"wpforms-field-medium\" name=\"wpforms[fields][5]\" placeholder=\"Nachname\" ><\/div><div id=\"wpforms-36568-field_4-container\" class=\"wpforms-field wpforms-field-phone wpforms-one-half wpforms-first\" data-field-id=\"4\"><label class=\"wpforms-field-label wpforms-label-hide\" for=\"wpforms-36568-field_4\">Telefon<\/label><input type=\"tel\" id=\"wpforms-36568-field_4\" class=\"wpforms-field-medium\" data-rule-int-phone-field=\"true\" name=\"wpforms[fields][4]\" placeholder=\"Telefon\" ><\/div><div id=\"wpforms-36568-field_1-container\" class=\"wpforms-field wpforms-field-email wpforms-one-half\" data-field-id=\"1\"><label class=\"wpforms-field-label wpforms-label-hide\" for=\"wpforms-36568-field_1\">E-Mail<\/label><input type=\"email\" id=\"wpforms-36568-field_1\" class=\"wpforms-field-medium\" name=\"wpforms[fields][1]\" placeholder=\"E-Mail\" spellcheck=\"false\" ><\/div><div id=\"wpforms-36568-field_2-container\" class=\"wpforms-field wpforms-field-textarea\" data-field-id=\"2\"><label class=\"wpforms-field-label wpforms-label-hide\" for=\"wpforms-36568-field_2\">Nachricht<\/label><textarea id=\"wpforms-36568-field_2\" class=\"wpforms-field-medium\" name=\"wpforms[fields][2]\" placeholder=\"Nachricht\" ><\/textarea><\/div><\/div><!-- .wpforms-field-container --><div class=\"wpforms-recaptcha-container wpforms-is-recaptcha wpforms-is-recaptcha-type-v2\" ><div class=\"g-recaptcha\" data-sitekey=\"6LdhVKUhAAAAAF03ZH_XDjbtb2X9Epz6I8jEw3U-\"><\/div><input type=\"text\" name=\"g-recaptcha-hidden\" class=\"wpforms-recaptcha-hidden\" style=\"position:absolute!important;clip:rect(0,0,0,0)!important;height:1px!important;width:1px!important;border:0!important;overflow:hidden!important;padding:0!important;margin:0!important;\" data-rule-recaptcha=\"1\"><\/div><div class=\"wpforms-submit-container\" ><input type=\"hidden\" name=\"wpforms[id]\" value=\"36568\"><input type=\"hidden\" name=\"page_title\" value=\"\"><input type=\"hidden\" name=\"page_url\" value=\"https:\/\/www.sandp.ch\/de\/wp-json\/wp\/v2\/pages\/35091\"><button type=\"submit\" name=\"wpforms[submit]\" id=\"wpforms-submit-36568\" class=\"wpforms-submit\" data-alt-text=\"Senden...\" data-submit-text=\"Senden\" aria-live=\"assertive\" value=\"wpforms-submit\">Senden<\/button><img decoding=\"async\" src=\"https:\/\/www.sandp.ch\/wp-content\/plugins\/wpforms\/assets\/images\/submit-spin.svg\" class=\"wpforms-submit-spinner\" style=\"display: none;\" width=\"26\" height=\"26\" alt=\"Wird geladen\"><\/div><\/form><\/div>  <!-- .wpforms-container -->            <\/div>\n\t\t<\/div>\n\t\t\t\t<\/div>\n\t\t\t\t\t<\/div>\n\t\t<\/div>\n\t\t\t\t<div class=\"elementor-column elementor-col-50 elementor-top-column elementor-element elementor-element-4eb1135\" data-id=\"4eb1135\" data-element_type=\"column\" data-settings=\"{&quot;background_background&quot;:&quot;classic&quot;}\">\n\t\t\t<div class=\"elementor-widget-wrap elementor-element-populated\">\n\t\t\t\t\t\t<section class=\"elementor-section elementor-inner-section elementor-element elementor-element-f57dd78 elementor-section-full_width elementor-section-height-min-height elementor-section-height-default\" data-id=\"f57dd78\" data-element_type=\"section\" data-settings=\"{&quot;background_background&quot;:&quot;classic&quot;,&quot;_ha_eqh_enable&quot;:false}\">\n\t\t\t\t\t\t<div class=\"elementor-container elementor-column-gap-default\">\n\t\t\t\t\t<div data-dce-background-image-url=\"https:\/\/www.sandp.ch\/wp-content\/uploads\/2022\/06\/15.jpg\" class=\"elementor-column elementor-col-100 elementor-inner-column elementor-element elementor-element-2dda372\" data-id=\"2dda372\" data-element_type=\"column\" data-settings=\"{&quot;background_background&quot;:&quot;classic&quot;,&quot;background_motion_fx_motion_fx_scrolling&quot;:&quot;yes&quot;,&quot;motion_fx_translateY_effect&quot;:&quot;yes&quot;,&quot;motion_fx_translateY_speed&quot;:{&quot;unit&quot;:&quot;px&quot;,&quot;size&quot;:0.5,&quot;sizes&quot;:[]},&quot;motion_fx_motion_fx_scrolling&quot;:&quot;yes&quot;,&quot;background_motion_fx_devices&quot;:[&quot;desktop&quot;,&quot;tablet&quot;,&quot;mobile&quot;],&quot;motion_fx_translateY_affectedRange&quot;:{&quot;unit&quot;:&quot;%&quot;,&quot;size&quot;:&quot;&quot;,&quot;sizes&quot;:{&quot;start&quot;:0,&quot;end&quot;:100}},&quot;motion_fx_devices&quot;:[&quot;desktop&quot;,&quot;tablet&quot;,&quot;mobile&quot;]}\">\n\t\t\t<div class=\"elementor-widget-wrap elementor-element-populated\">\n\t\t\t\t\t\t<div class=\"elementor-element elementor-element-ee64d06 elementor-widget elementor-widget-spacer\" data-id=\"ee64d06\" data-element_type=\"widget\" data-widget_type=\"spacer.default\">\n\t\t\t\t<div class=\"elementor-widget-container\">\n\t\t\t\t\t<div class=\"elementor-spacer\">\n\t\t\t<div class=\"elementor-spacer-inner\"><\/div>\n\t\t<\/div>\n\t\t\t\t<\/div>\n\t\t\t\t<\/div>\n\t\t\t\t\t<\/div>\n\t\t<\/div>\n\t\t\t\t\t<\/div>\n\t\t<\/section>\n\t\t\t\t<section class=\"elementor-section elementor-inner-section elementor-element elementor-element-62d2c74 elementor-section-full_width elementor-section-height-min-height elementor-section-height-default\" data-id=\"62d2c74\" data-element_type=\"section\" data-settings=\"{&quot;background_background&quot;:&quot;classic&quot;,&quot;_ha_eqh_enable&quot;:false}\">\n\t\t\t\t\t\t<div class=\"elementor-container elementor-column-gap-default\">\n\t\t\t\t\t<div data-dce-background-image-url=\"https:\/\/www.sandp.ch\/wp-content\/uploads\/2022\/06\/3-2.png\" class=\"elementor-column elementor-col-100 elementor-inner-column elementor-element elementor-element-6d368fc\" data-id=\"6d368fc\" data-element_type=\"column\" data-settings=\"{&quot;background_background&quot;:&quot;classic&quot;}\">\n\t\t\t<div class=\"elementor-widget-wrap elementor-element-populated\">\n\t\t\t\t\t\t<div class=\"elementor-element elementor-element-f5dd9bf elementor-widget elementor-widget-spacer\" data-id=\"f5dd9bf\" data-element_type=\"widget\" data-widget_type=\"spacer.default\">\n\t\t\t\t<div class=\"elementor-widget-container\">\n\t\t\t\t\t<div class=\"elementor-spacer\">\n\t\t\t<div class=\"elementor-spacer-inner\"><\/div>\n\t\t<\/div>\n\t\t\t\t<\/div>\n\t\t\t\t<\/div>\n\t\t\t\t\t<\/div>\n\t\t<\/div>\n\t\t\t\t\t<\/div>\n\t\t<\/section>\n\t\t\t\t\t<\/div>\n\t\t<\/div>\n\t\t\t\t\t<\/div>\n\t\t<\/section>\n\t\t\t\t<section data-dce-background-color=\"#112457\" data-dce-background-image-url=\"https:\/\/www.sandp.ch\/wp-content\/uploads\/2022\/06\/2.1.jpg\" data-dce-background-overlay-image-url=\"https:\/\/www.sandp.ch\/wp-content\/uploads\/2022\/06\/3-1-1.png\" class=\"elementor-section elementor-top-section elementor-element elementor-element-7a7b8bb elementor-section-boxed elementor-section-height-default elementor-section-height-default\" data-id=\"7a7b8bb\" data-element_type=\"section\" data-settings=\"{&quot;background_background&quot;:&quot;classic&quot;,&quot;_ha_eqh_enable&quot;:false}\">\n\t\t\t\t\t\t\t<div class=\"elementor-background-overlay\"><\/div>\n\t\t\t\t\t\t\t<div class=\"elementor-container elementor-column-gap-default\">\n\t\t\t\t\t<div class=\"elementor-column elementor-col-100 elementor-top-column elementor-element elementor-element-4151494\" data-id=\"4151494\" data-element_type=\"column\">\n\t\t\t<div class=\"elementor-widget-wrap elementor-element-populated\">\n\t\t\t\t\t\t<div class=\"elementor-element elementor-element-c35b6df elementor-widget elementor-widget-heading\" data-id=\"c35b6df\" data-element_type=\"widget\" data-widget_type=\"heading.default\">\n\t\t\t\t<div class=\"elementor-widget-container\">\n\t\t\t<h2 class=\"elementor-heading-title elementor-size-default\">Jetzt Beratung \n <span style=\"font-weight: 600;\">anfragen<\/span><\/h2>\t\t<\/div>\n\t\t\t\t<\/div>\n\t\t\t\t<div class=\"elementor-element elementor-element-668b93c elementor-widget elementor-widget-text-editor\" data-id=\"668b93c\" data-element_type=\"widget\" data-widget_type=\"text-editor.default\">\n\t\t\t\t<div class=\"elementor-widget-container\">\n\t\t\t\t\t\t\tF\u00fcr weitere Informationen k\u00f6nnen Sie uns gerne kontaktieren. \t\t\t\t\t\t<\/div>\n\t\t\t\t<\/div>\n\t\t\t\t<div data-dce-background-color=\"#11245700\" class=\"elementor-element elementor-element-5d7f944 elementor-widget elementor-widget-button\" data-id=\"5d7f944\" data-element_type=\"widget\" data-widget_type=\"button.default\">\n\t\t\t\t<div class=\"elementor-widget-container\">\n\t\t\t\t\t<div class=\"elementor-button-wrapper\">\n\t\t\t<a class=\"elementor-button elementor-button-link elementor-size-sm\" href=\"https:\/\/www.sandp.ch\/de\/contact\/\">\n\t\t\t\t\t\t<span class=\"elementor-button-content-wrapper\">\n\t\t\t\t\t\t\t\t\t<span class=\"elementor-button-text\"><div class=\"word1\">Kontakt<\/div><b><div class=\"word2\"> Anfrage<\/div><\/span>\n\t\t\t\t\t<\/span>\n\t\t\t\t\t<\/a>\n\t\t<\/div>\n\t\t\t\t<\/div>\n\t\t\t\t<\/div>\n\t\t\t\t\t<\/div>\n\t\t<\/div>\n\t\t\t\t\t<\/div>\n\t\t<\/section>\n\t\t\t\t<\/div>\n\t\t","protected":false},"excerpt":{"rendered":"<p>Arbeiten bei Schmid &#038; Partner Management Services AG Arbeiten bei Schmid &#038; Partner Management Services AG Karriere Neue Wege einschlagen Wir glauben an die Kraft vom Investieren und stabilen langfristigen Beziehungen. Interessieren Sie sich f\u00fcr eine T\u00e4tigkeit bei Schmid &amp; Partner Management Services AG? Pr\u00fcfen Sie, ob es eine offene Stelle gibt, die Sie interessiert! [&hellip;]<\/p>\n","protected":false},"author":2,"featured_media":34966,"parent":0,"menu_order":7,"comment_status":"closed","ping_status":"closed","template":"elementor_header_footer","meta":{"footnotes":""},"class_list":["post-35091","page","type-page","status-publish","has-post-thumbnail","hentry"],"yoast_head":"<!-- This site is optimized with the Yoast SEO plugin v23.1 - https:\/\/yoast.com\/wordpress\/plugins\/seo\/ -->\n<title>Careers - Schmid &amp; Partners Management Services Ltd.<\/title>\n<meta name=\"description\" content=\"Interessieren Sie sich f\u00fcr eine T\u00e4tigkeit bei Schmid &amp; Partner Management Services AG? Wir freuen uns darauf, Sie kennenzulernen.\" \/>\n<meta name=\"robots\" content=\"index, follow, max-snippet:-1, max-image-preview:large, max-video-preview:-1\" \/>\n<link rel=\"canonical\" href=\"https:\/\/www.sandp.ch\/de\/careers\/\" \/>\n<meta property=\"og:locale\" content=\"de_DE\" \/>\n<meta property=\"og:type\" content=\"article\" \/>\n<meta property=\"og:title\" content=\"Careers - Schmid &amp; Partners Management Services Ltd.\" \/>\n<meta property=\"og:description\" content=\"Interessieren Sie sich f\u00fcr eine T\u00e4tigkeit bei Schmid &amp; Partner Management Services AG? Wir freuen uns darauf, Sie kennenzulernen.\" \/>\n<meta property=\"og:url\" content=\"https:\/\/www.sandp.ch\/de\/careers\/\" \/>\n<meta property=\"og:site_name\" content=\"Schmid &amp; Partners Management Services Ltd.\" \/>\n<meta property=\"article:modified_time\" content=\"2024-07-17T13:35:36+00:00\" \/>\n<meta property=\"og:image\" content=\"https:\/\/www.sandp.ch\/wp-content\/uploads\/2022\/07\/Logo-1024x1024-1.jpg\" \/>\n\t<meta property=\"og:image:width\" content=\"1024\" \/>\n\t<meta property=\"og:image:height\" content=\"1024\" \/>\n\t<meta property=\"og:image:type\" content=\"image\/jpeg\" \/>\n<meta name=\"twitter:card\" content=\"summary_large_image\" \/>\n<script type=\"application\/ld+json\" class=\"yoast-schema-graph\">{\"@context\":\"https:\/\/schema.org\",\"@graph\":[{\"@type\":\"WebPage\",\"@id\":\"https:\/\/www.sandp.ch\/de\/careers\/\",\"url\":\"https:\/\/www.sandp.ch\/de\/careers\/\",\"name\":\"Careers - Schmid &amp; Partners Management Services Ltd.\",\"isPartOf\":{\"@id\":\"https:\/\/www.sandp.ch\/#website\"},\"primaryImageOfPage\":{\"@id\":\"https:\/\/www.sandp.ch\/de\/careers\/#primaryimage\"},\"image\":{\"@id\":\"https:\/\/www.sandp.ch\/de\/careers\/#primaryimage\"},\"thumbnailUrl\":\"https:\/\/www.sandp.ch\/wp-content\/uploads\/2022\/07\/Logo-1024x1024-1.jpg\",\"datePublished\":\"2022-06-22T18:35:21+00:00\",\"dateModified\":\"2024-07-17T13:35:36+00:00\",\"description\":\"Interessieren Sie sich f\u00fcr eine T\u00e4tigkeit bei Schmid & Partner Management Services AG? Wir freuen uns darauf, Sie kennenzulernen.\",\"breadcrumb\":{\"@id\":\"https:\/\/www.sandp.ch\/de\/careers\/#breadcrumb\"},\"inLanguage\":\"de\",\"potentialAction\":[{\"@type\":\"ReadAction\",\"target\":[\"https:\/\/www.sandp.ch\/de\/careers\/\"]}]},{\"@type\":\"ImageObject\",\"inLanguage\":\"de\",\"@id\":\"https:\/\/www.sandp.ch\/de\/careers\/#primaryimage\",\"url\":\"https:\/\/www.sandp.ch\/wp-content\/uploads\/2022\/07\/Logo-1024x1024-1.jpg\",\"contentUrl\":\"https:\/\/www.sandp.ch\/wp-content\/uploads\/2022\/07\/Logo-1024x1024-1.jpg\",\"width\":1024,\"height\":1024},{\"@type\":\"BreadcrumbList\",\"@id\":\"https:\/\/www.sandp.ch\/de\/careers\/#breadcrumb\",\"itemListElement\":[{\"@type\":\"ListItem\",\"position\":1,\"name\":\"Home\",\"item\":\"https:\/\/www.sandp.ch\/de\/\"},{\"@type\":\"ListItem\",\"position\":2,\"name\":\"Careers\"}]},{\"@type\":\"WebSite\",\"@id\":\"https:\/\/www.sandp.ch\/#website\",\"url\":\"https:\/\/www.sandp.ch\/\",\"name\":\"Schmid &amp; Partners Management Services Ltd.\",\"description\":\"\",\"publisher\":{\"@id\":\"https:\/\/www.sandp.ch\/#organization\"},\"inLanguage\":\"de\"},{\"@type\":\"Organization\",\"@id\":\"https:\/\/www.sandp.ch\/#organization\",\"name\":\"Schmid & Partner\",\"url\":\"https:\/\/www.sandp.ch\/\",\"logo\":{\"@type\":\"ImageObject\",\"inLanguage\":\"de\",\"@id\":\"https:\/\/www.sandp.ch\/#\/schema\/logo\/image\/\",\"url\":\"https:\/\/sandp.ch\/wp-content\/uploads\/2022\/06\/cropped-Siteicon-1.png\",\"contentUrl\":\"https:\/\/sandp.ch\/wp-content\/uploads\/2022\/06\/cropped-Siteicon-1.png\",\"width\":512,\"height\":512,\"caption\":\"Schmid & Partner\"},\"image\":{\"@id\":\"https:\/\/www.sandp.ch\/#\/schema\/logo\/image\/\"}}]}<\/script>\n<!-- \/ Yoast SEO plugin. -->","yoast_head_json":{"title":"Careers - Schmid &amp; Partners Management Services Ltd.","description":"Interessieren Sie sich f\u00fcr eine T\u00e4tigkeit bei Schmid & Partner Management Services AG? Wir freuen uns darauf, Sie kennenzulernen.","robots":{"index":"index","follow":"follow","max-snippet":"max-snippet:-1","max-image-preview":"max-image-preview:large","max-video-preview":"max-video-preview:-1"},"canonical":"https:\/\/www.sandp.ch\/de\/careers\/","og_locale":"de_DE","og_type":"article","og_title":"Careers - Schmid &amp; Partners Management Services Ltd.","og_description":"Interessieren Sie sich f\u00fcr eine T\u00e4tigkeit bei Schmid & Partner Management Services AG? Wir freuen uns darauf, Sie kennenzulernen.","og_url":"https:\/\/www.sandp.ch\/de\/careers\/","og_site_name":"Schmid &amp; Partners Management Services Ltd.","article_modified_time":"2024-07-17T13:35:36+00:00","og_image":[{"width":1024,"height":1024,"url":"https:\/\/www.sandp.ch\/wp-content\/uploads\/2022\/07\/Logo-1024x1024-1.jpg","type":"image\/jpeg"}],"twitter_card":"summary_large_image","schema":{"@context":"https:\/\/schema.org","@graph":[{"@type":"WebPage","@id":"https:\/\/www.sandp.ch\/de\/careers\/","url":"https:\/\/www.sandp.ch\/de\/careers\/","name":"Careers - Schmid &amp; Partners Management Services Ltd.","isPartOf":{"@id":"https:\/\/www.sandp.ch\/#website"},"primaryImageOfPage":{"@id":"https:\/\/www.sandp.ch\/de\/careers\/#primaryimage"},"image":{"@id":"https:\/\/www.sandp.ch\/de\/careers\/#primaryimage"},"thumbnailUrl":"https:\/\/www.sandp.ch\/wp-content\/uploads\/2022\/07\/Logo-1024x1024-1.jpg","datePublished":"2022-06-22T18:35:21+00:00","dateModified":"2024-07-17T13:35:36+00:00","description":"Interessieren Sie sich f\u00fcr eine T\u00e4tigkeit bei Schmid & Partner Management Services AG? Wir freuen uns darauf, Sie kennenzulernen.","breadcrumb":{"@id":"https:\/\/www.sandp.ch\/de\/careers\/#breadcrumb"},"inLanguage":"de","potentialAction":[{"@type":"ReadAction","target":["https:\/\/www.sandp.ch\/de\/careers\/"]}]},{"@type":"ImageObject","inLanguage":"de","@id":"https:\/\/www.sandp.ch\/de\/careers\/#primaryimage","url":"https:\/\/www.sandp.ch\/wp-content\/uploads\/2022\/07\/Logo-1024x1024-1.jpg","contentUrl":"https:\/\/www.sandp.ch\/wp-content\/uploads\/2022\/07\/Logo-1024x1024-1.jpg","width":1024,"height":1024},{"@type":"BreadcrumbList","@id":"https:\/\/www.sandp.ch\/de\/careers\/#breadcrumb","itemListElement":[{"@type":"ListItem","position":1,"name":"Home","item":"https:\/\/www.sandp.ch\/de\/"},{"@type":"ListItem","position":2,"name":"Careers"}]},{"@type":"WebSite","@id":"https:\/\/www.sandp.ch\/#website","url":"https:\/\/www.sandp.ch\/","name":"Schmid &amp; Partners Management Services Ltd.","description":"","publisher":{"@id":"https:\/\/www.sandp.ch\/#organization"},"inLanguage":"de"},{"@type":"Organization","@id":"https:\/\/www.sandp.ch\/#organization","name":"Schmid & Partner","url":"https:\/\/www.sandp.ch\/","logo":{"@type":"ImageObject","inLanguage":"de","@id":"https:\/\/www.sandp.ch\/#\/schema\/logo\/image\/","url":"https:\/\/sandp.ch\/wp-content\/uploads\/2022\/06\/cropped-Siteicon-1.png","contentUrl":"https:\/\/sandp.ch\/wp-content\/uploads\/2022\/06\/cropped-Siteicon-1.png","width":512,"height":512,"caption":"Schmid & Partner"},"image":{"@id":"https:\/\/www.sandp.ch\/#\/schema\/logo\/image\/"}}]}},"_links":{"self":[{"href":"https:\/\/www.sandp.ch\/de\/wp-json\/wp\/v2\/pages\/35091"}],"collection":[{"href":"https:\/\/www.sandp.ch\/de\/wp-json\/wp\/v2\/pages"}],"about":[{"href":"https:\/\/www.sandp.ch\/de\/wp-json\/wp\/v2\/types\/page"}],"author":[{"embeddable":true,"href":"https:\/\/www.sandp.ch\/de\/wp-json\/wp\/v2\/users\/2"}],"replies":[{"embeddable":true,"href":"https:\/\/www.sandp.ch\/de\/wp-json\/wp\/v2\/comments?post=35091"}],"version-history":[{"count":82,"href":"https:\/\/www.sandp.ch\/de\/wp-json\/wp\/v2\/pages\/35091\/revisions"}],"predecessor-version":[{"id":37596,"href":"https:\/\/www.sandp.ch\/de\/wp-json\/wp\/v2\/pages\/35091\/revisions\/37596"}],"wp:featuredmedia":[{"embeddable":true,"href":"https:\/\/www.sandp.ch\/de\/wp-json\/wp\/v2\/media\/34966"}],"wp:attachment":[{"href":"https:\/\/www.sandp.ch\/de\/wp-json\/wp\/v2\/media?parent=35091"}],"curies":[{"name":"wp","href":"https:\/\/api.w.org\/{rel}","templated":true}]}}